{"id":22,"date":"2024-07-11T21:21:07","date_gmt":"2024-07-12T00:21:07","guid":{"rendered":"https:\/\/graduacao.uel.br\/odontologia\/?page_id=22"},"modified":"2024-07-12T21:36:02","modified_gmt":"2024-07-13T00:36:02","slug":"o-curso","status":"publish","type":"page","link":"https:\/\/graduacao.uel.br\/odontologia\/o-curso\/","title":{"rendered":"O Curso"},"content":{"rendered":"\n<p>O in\u00edcio das atividades da Faculdade Estadual de Odontologia de Londrina, em 1962, se deu a partir da necessidade de novos cirurgi\u00f5es dentistas vivenciada pela cidade e regi\u00e3o. Na \u00e9poca, Londrina tinha 59 cirurgi\u00f5es dentistas graduados, al\u00e9m de profissionais pr\u00e1ticos que exerciam a profiss\u00e3o sem nenhuma forma\u00e7\u00e3o. Na ocasi\u00e3o, os jovens, quando interessados e motivados \u00e0 forma\u00e7\u00e3o na \u00e1rea, tinham que se deslocar para grandes centros, como Curitiba\/PR ou S\u00e3o Paulo\/ SP. Assim, a Associa\u00e7\u00e3o Odontol\u00f3gica liderou o movimento de discuss\u00e3o e apresenta\u00e7\u00e3o da proposta do Curso de Odontologia em Londrina.<\/p>\n\n\n\n<p>Apoiado pelo Bispo de Londrina Dom Geraldo Fernandes, o Curso foi, inicialmente, instalado no por\u00e3o da Catedral de Londrina, onde permaneceu at\u00e9 1971. A partir de ent\u00e3o, as instala\u00e7\u00f5es foram transferidas para a Cl\u00ednica Odontol\u00f3gica, localizada na rua Pernambuco, n\u00famero 540.<\/p>\n\n\n\n<p>Posteriormente, o Curso, ent\u00e3o funcionando isoladamente, foi absorvido pela Universidade Estadual de Londrina.<\/p>\n\n\n\n<p><strong>Objetivo<\/strong><\/p>\n\n\n\n<p>O profissional dever\u00e1:<\/p>\n\n\n\n<ol class=\"wp-block-list\">\n<li>Atuar dentro do seu \u00e2mbito profissional, de forma integrada e cont\u00ednua com as demais inst\u00e2ncias do sistema de sa\u00fade, sendo capaz de pensar criticamente, analisar os probiemas da sociedade e procurar solu\u00e7\u00f5es para os mesmos, respeitando os aspectos legais, \u00e9ticos e bio\u00e9ticos da profiss\u00e3o, em todos os n\u00edveis de aten\u00e7\u00e3o \u00e0 sa\u00fade, de forma individual ou coletivo, nas diversas realidades culturais, socioecon\u00f4micas e epidemiol\u00f3gicas do pa\u00eds.<\/li>\n\n\n\n<li>Ser capaz de decidir, considerando as evid\u00eancias cient\u00edficas, a conduta adequada a ser tomada no trato com o paciente e\/ou comunidade.<\/li>\n\n\n\n<li>Comunicar-se adequadamente, de forma oral e escrita, com colegas da profiss\u00e3o, auxiliares, profissionais de outras \u00e1reas da sa\u00fade e pacientes e\/ou comunidade.<\/li>\n\n\n\n<li>Estar apto a assumir posi\u00e7\u00e3o de lideran\u00e7a quando da atua\u00e7\u00e3o em equipe multiprofissiona!, levando em considera\u00e7\u00e3o todos os aspectos inerentes a este posto e o bem-estar, tanto da equipe onde est\u00e1 inserido, quanto da comunidade onde ir\u00e1 atuar.<\/li>\n\n\n\n<li>Estar apto a gerenciar e administrar a for\u00e7a de trabalho, os recursos f\u00edsicos, materiais e informa\u00e7\u00f5es quando na lideran\u00e7a de equipes de sa\u00fade e na gest\u00e3o de servi\u00e7os p\u00fablicos ou privados.<\/li>\n\n\n\n<li>Reconhecer suas limita\u00e7\u00f5es, habilidades e potencialidades e, desta forma, ser capaz de aprender continuamente.<\/li>\n<\/ol>\n\n\n\n<p><strong>Perfil do Profissional<\/strong><br>O perfil do concluinte deve ser o do cirurgi\u00e3o dentista, com forma\u00e7\u00e3o generalista, humanista, cr\u00edtica e reflexiva, para atuar em todos os n\u00edveis de aten\u00e7\u00e3o \u00e0 sa\u00fade, com base no rigor t\u00e9cnico e cient\u00edfico, capacitado ao exerc\u00edcio de atividades referentes \u00e0 sa\u00fade bucal da popula\u00e7\u00e3o, pautado em princ\u00edpios \u00e9ticos, legais e na compreens\u00e3o da realidade social, cultural e econ\u00f4mica do seu meio, dirigindo sua atua\u00e7\u00e3o para a transforma\u00e7\u00e3o da realidade em benef\u00edcio da sociedade.<\/p>\n\n\n\n<p><strong>Campos de Atua\u00e7\u00e3o<\/strong><br>Profissional liberal que est\u00e1 apto a atuar tamb\u00e9m no servi\u00e7o p\u00fablico, na sa\u00fade privada, no ensino e pesquisa. Profiss\u00e3o regulamentada pela Lei n.\u00ba 5.081, de 24.08.66.<\/p>\n\n\n\n<p><\/p>\n","protected":false},"excerpt":{"rendered":"<p>O in\u00edcio das atividades da Faculdade Estadual de Odontologia de Londrina, em 1962, se deu a partir da necessidade de novos cirurgi\u00f5es dentistas vivenciada pela cidade e regi\u00e3o. Na \u00e9poca, Londrina tinha 59 cirurgi\u00f5es dentistas graduados, al\u00e9m de profissionais pr\u00e1ticos que exerciam a profiss\u00e3o sem nenhuma forma\u00e7\u00e3o. Na ocasi\u00e3o, os jovens, quando interessados e motivados [&hellip;]<\/p>\n","protected":false},"author":8,"featured_media":0,"parent":0,"menu_order":0,"comment_status":"closed","ping_status":"closed","template":"","meta":{"_acf_changed":false,"footnotes":""},"class_list":["post-22","page","type-page","status-publish","hentry"],"acf":[],"_links":{"self":[{"href":"https:\/\/graduacao.uel.br\/odontologia\/wp-json\/wp\/v2\/pages\/22","targetHints":{"allow":["GET"]}}],"collection":[{"href":"https:\/\/graduacao.uel.br\/odontologia\/wp-json\/wp\/v2\/pages"}],"about":[{"href":"https:\/\/graduacao.uel.br\/odontologia\/wp-json\/wp\/v2\/types\/page"}],"author":[{"embeddable":true,"href":"https:\/\/graduacao.uel.br\/odontologia\/wp-json\/wp\/v2\/users\/8"}],"replies":[{"embeddable":true,"href":"https:\/\/graduacao.uel.br\/odontologia\/wp-json\/wp\/v2\/comments?post=22"}],"version-history":[{"count":2,"href":"https:\/\/graduacao.uel.br\/odontologia\/wp-json\/wp\/v2\/pages\/22\/revisions"}],"predecessor-version":[{"id":81,"href":"https:\/\/graduacao.uel.br\/odontologia\/wp-json\/wp\/v2\/pages\/22\/revisions\/81"}],"wp:attachment":[{"href":"https:\/\/graduacao.uel.br\/odontologia\/wp-json\/wp\/v2\/media?parent=22"}],"curies":[{"name":"wp","href":"https:\/\/api.w.org\/{rel}","templated":true}]}}