{"id":90,"date":"2024-07-16T11:25:54","date_gmt":"2024-07-16T14:25:54","guid":{"rendered":"https:\/\/graduacao.uel.br\/odontologia\/?page_id=90"},"modified":"2024-07-16T11:25:55","modified_gmt":"2024-07-16T14:25:55","slug":"internato","status":"publish","type":"page","link":"https:\/\/graduacao.uel.br\/odontologia\/internato\/","title":{"rendered":"Internato"},"content":{"rendered":"\n<p>tem como objetivo inserir o estudante de Odontologia da UEL em ambiente real de trabalho, no qual devem ser desenvolvidas atividades diretamente relacionadas \u00e0s compet\u00eancias profissionais gerais e espec\u00edficas, com vistas \u00e0 forma\u00e7\u00e3o social, humana e cient\u00edfica do aluno, preparando-o para o trabalho profissional da Odontologia na sociedade, de forma articulada e com complexidade crescente ao longo do processo de forma\u00e7\u00e3o.<\/p>\n","protected":false},"excerpt":{"rendered":"<p>tem como objetivo inserir o estudante de Odontologia da UEL em ambiente real de trabalho, no qual devem ser desenvolvidas atividades diretamente relacionadas \u00e0s compet\u00eancias profissionais gerais e espec\u00edficas, com vistas \u00e0 forma\u00e7\u00e3o social, humana e cient\u00edfica do aluno, preparando-o para o trabalho profissional da Odontologia na sociedade, de forma articulada e com complexidade crescente [&hellip;]<\/p>\n","protected":false},"author":8,"featured_media":0,"parent":0,"menu_order":0,"comment_status":"closed","ping_status":"closed","template":"","meta":{"_acf_changed":false,"footnotes":""},"class_list":["post-90","page","type-page","status-publish","hentry"],"acf":[],"_links":{"self":[{"href":"https:\/\/graduacao.uel.br\/odontologia\/wp-json\/wp\/v2\/pages\/90","targetHints":{"allow":["GET"]}}],"collection":[{"href":"https:\/\/graduacao.uel.br\/odontologia\/wp-json\/wp\/v2\/pages"}],"about":[{"href":"https:\/\/graduacao.uel.br\/odontologia\/wp-json\/wp\/v2\/types\/page"}],"author":[{"embeddable":true,"href":"https:\/\/graduacao.uel.br\/odontologia\/wp-json\/wp\/v2\/users\/8"}],"replies":[{"embeddable":true,"href":"https:\/\/graduacao.uel.br\/odontologia\/wp-json\/wp\/v2\/comments?post=90"}],"version-history":[{"count":1,"href":"https:\/\/graduacao.uel.br\/odontologia\/wp-json\/wp\/v2\/pages\/90\/revisions"}],"predecessor-version":[{"id":91,"href":"https:\/\/graduacao.uel.br\/odontologia\/wp-json\/wp\/v2\/pages\/90\/revisions\/91"}],"wp:attachment":[{"href":"https:\/\/graduacao.uel.br\/odontologia\/wp-json\/wp\/v2\/media?parent=90"}],"curies":[{"name":"wp","href":"https:\/\/api.w.org\/{rel}","templated":true}]}}