{"id":97,"date":"2024-07-16T11:34:56","date_gmt":"2024-07-16T14:34:56","guid":{"rendered":"https:\/\/graduacao.uel.br\/odontologia\/?page_id=97"},"modified":"2024-07-16T11:35:17","modified_gmt":"2024-07-16T14:35:17","slug":"centro-academico-ca","status":"publish","type":"page","link":"https:\/\/graduacao.uel.br\/odontologia\/centro-academico-ca\/","title":{"rendered":"Centro Acad\u00eamico (CA)"},"content":{"rendered":"\n<p>O Centro Acad\u00eamico XXI de Abril \u00e9 entidade m\u00e1xima de representa\u00e7\u00e3o dos estudantes do Curso de Odontologia da Universidade Estadual de Londrina. <\/p>\n\n\n\n<p>Presidente: Pedro Henrique Toribio Orsi <br>Vice-Presidente: Let\u00edcia Camargo de Souza <br>1\u00ba Secret\u00e1rio: Larissa Albino Scagion <br>2\u00ba Secret\u00e1rio: Sara Dias da Silva <br>1\u00ba Tesoureiro: Vinicius Ten\u00f3rio de Oliveira <br>2\u00ba Tesoureiro: Milena de Morais Foga\u00e7a<\/p>\n","protected":false},"excerpt":{"rendered":"<p>O Centro Acad\u00eamico XXI de Abril \u00e9 entidade m\u00e1xima de representa\u00e7\u00e3o dos estudantes do Curso de Odontologia da Universidade Estadual de Londrina. Presidente: Pedro Henrique Toribio Orsi Vice-Presidente: Let\u00edcia Camargo de Souza 1\u00ba Secret\u00e1rio: Larissa Albino Scagion 2\u00ba Secret\u00e1rio: Sara Dias da Silva 1\u00ba Tesoureiro: Vinicius Ten\u00f3rio de Oliveira 2\u00ba Tesoureiro: Milena de Morais Foga\u00e7a<\/p>\n","protected":false},"author":8,"featured_media":0,"parent":0,"menu_order":0,"comment_status":"closed","ping_status":"closed","template":"","meta":{"_acf_changed":false,"footnotes":""},"class_list":["post-97","page","type-page","status-publish","hentry"],"acf":[],"_links":{"self":[{"href":"https:\/\/graduacao.uel.br\/odontologia\/wp-json\/wp\/v2\/pages\/97","targetHints":{"allow":["GET"]}}],"collection":[{"href":"https:\/\/graduacao.uel.br\/odontologia\/wp-json\/wp\/v2\/pages"}],"about":[{"href":"https:\/\/graduacao.uel.br\/odontologia\/wp-json\/wp\/v2\/types\/page"}],"author":[{"embeddable":true,"href":"https:\/\/graduacao.uel.br\/odontologia\/wp-json\/wp\/v2\/users\/8"}],"replies":[{"embeddable":true,"href":"https:\/\/graduacao.uel.br\/odontologia\/wp-json\/wp\/v2\/comments?post=97"}],"version-history":[{"count":3,"href":"https:\/\/graduacao.uel.br\/odontologia\/wp-json\/wp\/v2\/pages\/97\/revisions"}],"predecessor-version":[{"id":135,"href":"https:\/\/graduacao.uel.br\/odontologia\/wp-json\/wp\/v2\/pages\/97\/revisions\/135"}],"wp:attachment":[{"href":"https:\/\/graduacao.uel.br\/odontologia\/wp-json\/wp\/v2\/media?parent=97"}],"curies":[{"name":"wp","href":"https:\/\/api.w.org\/{rel}","templated":true}]}}