{"id":103,"date":"2024-06-12T15:32:47","date_gmt":"2024-06-12T18:32:47","guid":{"rendered":"https:\/\/graduacao.uel.br\/pedagogia\/?page_id=103"},"modified":"2025-09-11T19:10:56","modified_gmt":"2025-09-11T22:10:56","slug":"estagio","status":"publish","type":"page","link":"https:\/\/graduacao.uel.br\/pedagogia\/estagio\/","title":{"rendered":"Est\u00e1gio"},"content":{"rendered":"\n<p>O Est\u00e1gio Curricular Obrigat\u00f3rio do Curso de Pedagogia constitui-se de atividades que tem por finalidade promover a aprendizagem da a\u00e7\u00e3o pedag\u00f3gica por meio de situa\u00e7\u00f5es objetivas de trabalho, envolvendo acad\u00eamicos de Pedagogia, Supervisores de Est\u00e1gio e Orientadores de Campo. <\/p>\n\n\n\n<p>O Est\u00e1gio Curricular Obrigat\u00f3rio no curso de Pedagogia tem por objetivo propiciar situa\u00e7\u00f5es de experi\u00eancia profissional nas diferentes \u00e1reas de atua\u00e7\u00e3o do pedagogo articulando referenciais te\u00f3ricos aos contextos educativos na elabora\u00e7\u00e3o de planos de a\u00e7\u00e3o, execu\u00e7\u00e3o e avalia\u00e7\u00e3o de projetos implementados em situa\u00e7\u00f5es de ensino e aprendizagem em suas m\u00faltiplas manifesta\u00e7\u00f5es. <\/p>\n\n\n\n<p>O <strong>Est\u00e1gio Curricular Obrigat\u00f3rio<\/strong> do Curso de Pedagogia visa a forma\u00e7\u00e3o para as \u00e1reas de atua\u00e7\u00e3o de: <\/p>\n\n\n\n<p>I &#8211; doc\u00eancia na educa\u00e7\u00e3o infantil; <\/p>\n\n\n\n<p>II &#8211; doc\u00eancia nos anos iniciais do ensino fundamental; <\/p>\n\n\n\n<p>III &#8211; gest\u00e3o do trabalho pedag\u00f3gico da educa\u00e7\u00e3o escolar; <\/p>\n\n\n\n<p>IV &#8211; gest\u00e3o do trabalho pedag\u00f3gico da educa\u00e7\u00e3o n\u00e3o escolar. <\/p>\n\n\n\n<p>Para realizar o Est\u00e1gio Curricular Obrigat\u00f3rio o estudante precisa preencher alguns documentos, entre eles temos o Termo de Compromisso. No curso de Pedagogia temos um termo de compromisso pr\u00f3prio. <\/p>\n\n\n\n<div class=\"wp-block-pb-accordion-item c-accordion__item js-accordion-item no-js\" data-initially-open=\"false\" data-click-to-close=\"true\" data-auto-close=\"true\" data-scroll=\"false\" data-scroll-offset=\"0\"><h2 id=\"at-1033\" class=\"c-accordion__title js-accordion-controller\" role=\"button\">Termo de Compromisso &#8211; Pedagogia<\/h2><div id=\"ac-1033\" class=\"c-accordion__content\">\n<p><a href=\"https:\/\/docs.google.com\/document\/d\/e\/2PACX-1vQFU6ILWBXMgpSEfxBOPQvtWrmfgJ1iOFAhG_yA1arJAFaNUhYTsGVgUcsJteRJ6FK3l3umQvCZNuVq\/pub\">https:\/\/docs.google.com\/document\/d\/e\/2PACX-1vQFU6ILWBXMgpSEfxBOPQvtWrmfgJ1iOFAhG_yA1arJAFaNUhYTsGVgUcsJteRJ6FK3l3umQvCZNuVq\/pub<\/a><\/p>\n<\/div><\/div>\n\n\n\n<p>O <strong>Est\u00e1gio Curricular n\u00e3o Obrigat\u00f3rio<\/strong> caracteriza-se como espa\u00e7o de forma\u00e7\u00e3o complementar e dever\u00e1 ser realizado em \u00e1rea compat\u00edvel com as \u00e1reas de atua\u00e7\u00e3o prevista para o Curso de Pedagogia, sendo expressamente vedado o exerc\u00edcio de qualquer outra atividade n\u00e3o relacionada \u00e0 sua \u00e1rea de atua\u00e7\u00e3o. <\/p>\n\n\n\n<p>Somente poder\u00e1 realizar Est\u00e1gio Curricular n\u00e3o Obrigat\u00f3rio o estudante regularmente matriculado a partir do terceiro semestre e frequentando efetivamente o Curso de Pedagogia, podendo aproveitar a carga hor\u00e1ria como Atividade Acad\u00eamica Complementar (AAC).<\/p>\n\n\n\n<p>Para mais informa\u00e7\u00f5es a respeito de Est\u00e1gio, no link <strong><a href=\"https:\/\/sites.uel.br\/prograd\/estudante\/estagios-e-intercambios\/\">saiba mais<\/a><\/strong>.<\/p>\n\n\n\n<p><\/p>\n","protected":false},"excerpt":{"rendered":"<p>O Est\u00e1gio Curricular Obrigat\u00f3rio do Curso de Pedagogia constitui-se de atividades que tem por finalidade promover a aprendizagem da a\u00e7\u00e3o pedag\u00f3gica por meio de situa\u00e7\u00f5es objetivas de trabalho, envolvendo acad\u00eamicos de Pedagogia, Supervisores de Est\u00e1gio e Orientadores de Campo. O Est\u00e1gio Curricular Obrigat\u00f3rio no curso de Pedagogia tem por objetivo propiciar situa\u00e7\u00f5es de experi\u00eancia profissional [&hellip;]<\/p>\n","protected":false},"author":6,"featured_media":0,"parent":0,"menu_order":0,"comment_status":"closed","ping_status":"closed","template":"","meta":{"_acf_changed":false,"footnotes":""},"class_list":["post-103","page","type-page","status-publish","hentry"],"acf":[],"_links":{"self":[{"href":"https:\/\/graduacao.uel.br\/pedagogia\/wp-json\/wp\/v2\/pages\/103","targetHints":{"allow":["GET"]}}],"collection":[{"href":"https:\/\/graduacao.uel.br\/pedagogia\/wp-json\/wp\/v2\/pages"}],"about":[{"href":"https:\/\/graduacao.uel.br\/pedagogia\/wp-json\/wp\/v2\/types\/page"}],"author":[{"embeddable":true,"href":"https:\/\/graduacao.uel.br\/pedagogia\/wp-json\/wp\/v2\/users\/6"}],"replies":[{"embeddable":true,"href":"https:\/\/graduacao.uel.br\/pedagogia\/wp-json\/wp\/v2\/comments?post=103"}],"version-history":[{"count":6,"href":"https:\/\/graduacao.uel.br\/pedagogia\/wp-json\/wp\/v2\/pages\/103\/revisions"}],"predecessor-version":[{"id":219,"href":"https:\/\/graduacao.uel.br\/pedagogia\/wp-json\/wp\/v2\/pages\/103\/revisions\/219"}],"wp:attachment":[{"href":"https:\/\/graduacao.uel.br\/pedagogia\/wp-json\/wp\/v2\/media?parent=103"}],"curies":[{"name":"wp","href":"https:\/\/api.w.org\/{rel}","templated":true}]}}