{"id":18,"date":"2024-06-11T11:01:47","date_gmt":"2024-06-11T14:01:47","guid":{"rendered":"https:\/\/graduacao.uel.br\/pedagogia\/?page_id=18"},"modified":"2025-09-11T19:17:23","modified_gmt":"2025-09-11T22:17:23","slug":"eventos","status":"publish","type":"page","link":"https:\/\/graduacao.uel.br\/pedagogia\/eventos\/","title":{"rendered":"Eventos"},"content":{"rendered":"\n<p>Conhe\u00e7a os eventos na \u00c1rea de Pedagogia que est\u00e3o acontecendo e que v\u00e3o acontecer na UEL:<\/p>\n\n\n\n<p><strong>VI Simp\u00f3sio Nacional e III Simp\u00f3sio Internacional da Inf\u00e2ncia, Educa\u00e7\u00e3o e Teoria Cr\u00edtica<\/strong><\/p>\n\n\n\n<p>Para mais informa\u00e7\u00f5es sobre o evento, acesse o link:\u00a0<a href=\"https:\/\/critinfanciauel.wixsite.com\/critinfanciauel\/simposio2025\" target=\"_blank\" rel=\"noreferrer noopener\">https:\/\/critinfanciauel.wixsite.com\/critinfanciauel\/simposio2025<\/a><\/p>\n\n\n\n<p><\/p>\n\n\n\n<p><strong>\u00a0I<\/strong> <strong>Congresso Internacional do Grupo de Estudos e Pesquisas: Curr\u00edculo, Forma\u00e7\u00e3o e Trabalho Docente e do I Encontro Internacional do Observat\u00f3rio da Educa\u00e7\u00e3o B\u00e1sica P\u00fablica do Estado do Paran\u00e1\u00a0<\/strong><\/p>\n\n\n\n<p><strong>Link para inscri\u00e7\u00e3o e mais informa\u00e7\u00f5es:<\/strong><\/p>\n\n\n\n<ul class=\"wp-block-list\">\n<li><strong>Inscri\u00e7\u00e3o no\u00a0evento:<\/strong>\u00a0<a href=\"https:\/\/www.sistemasweb.uel.br\/index.php?contents=system\/insc\/index.php&amp;pagina=view\/inscricoes\/seleciona_evento.php&amp;cod_evento=10781\" target=\"_blank\" rel=\"noreferrer noopener\">https:\/\/www.sistemasweb.uel.br\/index.php?contents=system\/insc\/index.php&amp;pagina=view\/inscricoes\/seleciona_evento.php&amp;cod_evento=10781<\/a><\/li>\n\n\n\n<li><strong>Programa\u00e7\u00e3o completa:<\/strong>\u00a0<a href=\"https:\/\/docs.google.com\/document\/d\/1zfpWUHwy_OE4DBkQh_AtK4vpe2ASb-_g\/edit?usp=sharing&amp;ouid=114389230609212995638&amp;rtpof=true&amp;sd=true\" target=\"_blank\" rel=\"noreferrer noopener\">https:\/\/docs.google.com\/document\/d\/1zfpWUHwy_OE4DBkQh_AtK4vpe2ASb-_g\/edit?usp=sharing&amp;ouid=114389230609212995638&amp;rtpof=true&amp;sd=true<\/a><\/li>\n\n\n\n<li><strong>Site oficial:<\/strong>\u00a0<a href=\"https:\/\/www.google.com\/search?q=http:\/\/congressogep-cftd.wixsite.com\/i-congresso-internac\" target=\"_blank\" rel=\"noreferrer noopener\">congressogep-cftd.wixsite.com\/i-congresso-internac<\/a><\/li>\n<\/ul>\n\n\n\n<div class=\"wp-block-columns is-layout-flex wp-container-core-columns-is-layout-9d6595d7 wp-block-columns-is-layout-flex\">\n<div class=\"wp-block-column is-layout-flow wp-block-column-is-layout-flow\"><\/div>\n<\/div>\n\n\n\n<h2 class=\"wp-block-heading has-primary-accent-color has-text-color has-link-color has-medium-font-size wp-elements-277052f2179efb90381fae4bb33eb2d2\"><strong>Eventos diversos na UEL<\/strong><\/h2>\n\n\n\n                <div class=\"feed-noticias-perobal alm-listing alm-ajax alm-has-transition\" id=\"feed-noticias-perobal-evento\"><a class=\"noticia-feed d-flex flex-column flex-md-row align-items-start\" href=\"https:\/\/operobal.uel.br\/hospital-universitario\/2026\/05\/04\/4o-semana-integrada-de-enfermagem-abre-inscricoes\/\">\n                                                    <img decoding=\"async\" class=\"lazy entered loaded\" src=\"https:\/\/operobal.uel.br\/wp-content\/uploads\/2025\/11\/pronto-socorro-hu.jpg\"\/>    \n                                                    <article class=\"ml-0 ml-md-4 corpo-noticia-feed\">\n                                                        <p class=\"antetitulo mb-0\">Sa\u00fade<\/p>\n                                                        <p class=\"titulo mb-2\">4\u00ba Semana Integrada de Enfermagem abre inscri\u00e7\u00f5es<\/p>\n                                                        <p class=\"descricao\">O evento busca promover a reflex\u00e3o cr\u00edtica sobre a pr\u00e1tica profissional da Enfermagem.<\/p>\n                                                    <\/article>\n                                                <\/a><hr class=\"mt-4 mb-4 d-none d-md-block\"><a class=\"noticia-feed d-flex flex-column flex-md-row align-items-start\" href=\"https:\/\/operobal.uel.br\/sociedade\/2026\/04\/23\/com-protagonismo-da-uel-fazendinha-encerra-edicao-2026-como-espaco-de-extensao-inovacao-e-formacao\/\">\n                                                    <img decoding=\"async\" class=\"lazy entered loaded\" src=\"https:\/\/operobal.uel.br\/wp-content\/uploads\/2026\/04\/FOTOS-MURILO-2-scaled.jpg\"\/>    \n                                                    <article class=\"ml-0 ml-md-4 corpo-noticia-feed\">\n                                                        <p class=\"antetitulo mb-0\">Avalia\u00e7\u00e3o<\/p>\n                                                        <p class=\"titulo mb-2\">Com protagonismo da UEL, Fazendinha encerra edi\u00e7\u00e3o 2026 como espa\u00e7o de extens\u00e3o, inova\u00e7\u00e3o e forma\u00e7\u00e3o<\/p>\n                                                        <p class=\"descricao\">Milhares de visitantes passaram pelo espa\u00e7o coordenado pela Universidade e pelo IDR-PR durante a ExpoLondrina 2026. <\/p>\n                                                    <\/article>\n                                                <\/a><hr class=\"mt-4 mb-4 d-none d-md-block\"><a class=\"noticia-feed d-flex flex-column flex-md-row align-items-start\" href=\"https:\/\/operobal.uel.br\/comunidade\/2026\/04\/10\/uel-celebra-a-presenca-indigena-com-eventos-dedicados-aos-saberes-tradicionais-artes-ciencia-e-conscientizacao\/\">\n                                                    <img decoding=\"async\" class=\"lazy entered loaded\" src=\"https:\/\/operobal.uel.br\/wp-content\/uploads\/2026\/04\/f29222ea-5d93-4d19-9084-d06cca1adad6.jpeg\"\/>    \n                                                    <article class=\"ml-0 ml-md-4 corpo-noticia-feed\">\n                                                        <p class=\"antetitulo mb-0\">Abril Ind\u00edgena<\/p>\n                                                        <p class=\"titulo mb-2\">UEL celebra presen\u00e7a ind\u00edgena com eventos dedicados aos saberes tradicionais, artes e ci\u00eancia<\/p>\n                                                        <p class=\"descricao\">O evento recorrente aproveita o m\u00eas do Dia dos Povos Ind\u00edgenas para celebrar a presen\u00e7a dos povos origin\u00e1rios na UEL.<\/p>\n                                                    <\/article>\n                                                <\/a><hr class=\"mt-4 mb-4 d-none d-md-block\"><a class=\"noticia-feed d-flex flex-column flex-md-row align-items-start\" href=\"https:\/\/operobal.uel.br\/clch\/2026\/04\/09\/escrita-criativa-e-tema-de-encontro-com-oficinas-e-palestras\/\">\n                                                    <img decoding=\"async\" class=\"lazy entered loaded\" src=\"https:\/\/operobal.uel.br\/wp-content\/uploads\/2026\/04\/fotografierende-write-4491459-scaled.jpg\"\/>    \n                                                    <article class=\"ml-0 ml-md-4 corpo-noticia-feed\">\n                                                        <p class=\"antetitulo mb-0\">Literatura<\/p>\n                                                        <p class=\"titulo mb-2\">Escrita Criativa \u00e9 tema de encontro com oficinas e palestras<\/p>\n                                                        <p class=\"descricao\">Comunidade interna e externa poder\u00e1 participar de palestras, bate-papos e oficinas com convidados sobre temas diversos.\n<\/p>\n                                                    <\/article>\n                                                <\/a><hr class=\"mt-4 mb-4 d-none d-md-block\"><a class=\"noticia-feed d-flex flex-column flex-md-row align-items-start\" href=\"https:\/\/operobal.uel.br\/ultimas\/2026\/04\/08\/evento-analisa-ligacoes-entre-meio-ambiente-e-tecnologia\/\">\n                                                    <img decoding=\"async\" class=\"lazy entered loaded\" src=\"https:\/\/operobal.uel.br\/wp-content\/uploads\/2026\/04\/brianpenny-ai-generated-8540921_1280.jpg\"\/>    \n                                                    <article class=\"ml-0 ml-md-4 corpo-noticia-feed\">\n                                                        <p class=\"antetitulo mb-0\">Direito Ambiental<\/p>\n                                                        <p class=\"titulo mb-2\">Evento analisa liga\u00e7\u00f5es entre meio ambiente e tecnologia<\/p>\n                                                        <p class=\"descricao\">Encontro on-line vai discutir temas como big techs, intelig\u00eancia artificial e meio ambiente digital.<\/p>\n                                                    <\/article>\n                                                <\/a><\/div><button id=\"feed-noticias-perobal-load-moreevento\" type=\"button\" class=\"feed-noticias-button\" data-endpoint=\"https:\/\/operobal.uel.br\/wp-json\/wp-perobal\/v1\/posts\/tags\/evento?numberposts=50\" data-ppp=\"5\" data-pages=\"5\">Leia mais<\/button>","protected":false},"excerpt":{"rendered":"<p>Conhe\u00e7a os eventos na \u00c1rea de Pedagogia que est\u00e3o acontecendo e que v\u00e3o acontecer na UEL: VI Simp\u00f3sio Nacional e III Simp\u00f3sio Internacional da Inf\u00e2ncia, Educa\u00e7\u00e3o e Teoria Cr\u00edtica Para mais informa\u00e7\u00f5es sobre o evento, acesse o link:\u00a0https:\/\/critinfanciauel.wixsite.com\/critinfanciauel\/simposio2025 \u00a0I Congresso Internacional do Grupo de Estudos e Pesquisas: Curr\u00edculo, Forma\u00e7\u00e3o e Trabalho Docente e do I [&hellip;]<\/p>\n","protected":false},"author":6,"featured_media":0,"parent":0,"menu_order":0,"comment_status":"closed","ping_status":"closed","template":"","meta":{"_acf_changed":false,"footnotes":""},"class_list":["post-18","page","type-page","status-publish","hentry"],"acf":[],"_links":{"self":[{"href":"https:\/\/graduacao.uel.br\/pedagogia\/wp-json\/wp\/v2\/pages\/18","targetHints":{"allow":["GET"]}}],"collection":[{"href":"https:\/\/graduacao.uel.br\/pedagogia\/wp-json\/wp\/v2\/pages"}],"about":[{"href":"https:\/\/graduacao.uel.br\/pedagogia\/wp-json\/wp\/v2\/types\/page"}],"author":[{"embeddable":true,"href":"https:\/\/graduacao.uel.br\/pedagogia\/wp-json\/wp\/v2\/users\/6"}],"replies":[{"embeddable":true,"href":"https:\/\/graduacao.uel.br\/pedagogia\/wp-json\/wp\/v2\/comments?post=18"}],"version-history":[{"count":16,"href":"https:\/\/graduacao.uel.br\/pedagogia\/wp-json\/wp\/v2\/pages\/18\/revisions"}],"predecessor-version":[{"id":223,"href":"https:\/\/graduacao.uel.br\/pedagogia\/wp-json\/wp\/v2\/pages\/18\/revisions\/223"}],"wp:attachment":[{"href":"https:\/\/graduacao.uel.br\/pedagogia\/wp-json\/wp\/v2\/media?parent=18"}],"curies":[{"name":"wp","href":"https:\/\/api.w.org\/{rel}","templated":true}]}}