{"id":26,"date":"2024-06-11T11:07:41","date_gmt":"2024-06-11T14:07:41","guid":{"rendered":"https:\/\/graduacao.uel.br\/pedagogia\/?page_id=26"},"modified":"2024-06-11T15:47:53","modified_gmt":"2024-06-11T18:47:53","slug":"matriz-curricular","status":"publish","type":"page","link":"https:\/\/graduacao.uel.br\/pedagogia\/matriz-curricular\/","title":{"rendered":"Matriz Curricular"},"content":{"rendered":"\n<p>Para os estudantes que&nbsp;<strong>ingressaram antes de 2023<\/strong>, observe a Matriz Curricular para:<\/p>\n\n\n\n<p><strong><a href=\"https:\/\/sites.uel.br\/prograd\/wp-content\/uploads\/catalogo_cursos\/2019\/organizacao_curricular\/pedagogia_matutino.pdf\">Licenciatura Matutino<\/a><\/strong>.<\/p>\n\n\n\n<p><strong><a href=\"https:\/\/sites.uel.br\/prograd\/wp-content\/uploads\/catalogo_cursos\/2019\/organizacao_curricular\/pedagogia_noturno.pdf\">Licenciatura Noturno<\/a><\/strong>.<\/p>\n\n\n\n<p><strong>A partir de 2023<\/strong>, ap\u00f3s reformula\u00e7\u00e3o curricular do Projeto Pedag\u00f3gico do Curso de Pedagogia a Matriz Curricular vigente para cada turno, passou a ser a seguinte:\u00a0<\/p>\n\n\n\n<p><strong><a href=\"https:\/\/sites.uel.br\/prograd\/wp-content\/uploads\/catalogo_cursos\/2023\/organizacao_curricular\/pedagogia_matutino.pdf\">Licenciatura Matutino<\/a><\/strong>.<\/p>\n\n\n\n<p><strong><a href=\"https:\/\/sites.uel.br\/prograd\/wp-content\/uploads\/catalogo_cursos\/2023\/organizacao_curricular\/pedagogia_noturno.pdf\">Licenciatura Noturno<\/a><\/strong>.<\/p>\n","protected":false},"excerpt":{"rendered":"<p>Para os estudantes que&nbsp;ingressaram antes de 2023, observe a Matriz Curricular para: Licenciatura Matutino. Licenciatura Noturno. A partir de 2023, ap\u00f3s reformula\u00e7\u00e3o curricular do Projeto Pedag\u00f3gico do Curso de Pedagogia a Matriz Curricular vigente para cada turno, passou a ser a seguinte:\u00a0 Licenciatura Matutino. Licenciatura Noturno.<\/p>\n","protected":false},"author":6,"featured_media":0,"parent":0,"menu_order":0,"comment_status":"closed","ping_status":"closed","template":"","meta":{"_acf_changed":false,"footnotes":""},"class_list":["post-26","page","type-page","status-publish","hentry"],"acf":[],"_links":{"self":[{"href":"https:\/\/graduacao.uel.br\/pedagogia\/wp-json\/wp\/v2\/pages\/26","targetHints":{"allow":["GET"]}}],"collection":[{"href":"https:\/\/graduacao.uel.br\/pedagogia\/wp-json\/wp\/v2\/pages"}],"about":[{"href":"https:\/\/graduacao.uel.br\/pedagogia\/wp-json\/wp\/v2\/types\/page"}],"author":[{"embeddable":true,"href":"https:\/\/graduacao.uel.br\/pedagogia\/wp-json\/wp\/v2\/users\/6"}],"replies":[{"embeddable":true,"href":"https:\/\/graduacao.uel.br\/pedagogia\/wp-json\/wp\/v2\/comments?post=26"}],"version-history":[{"count":5,"href":"https:\/\/graduacao.uel.br\/pedagogia\/wp-json\/wp\/v2\/pages\/26\/revisions"}],"predecessor-version":[{"id":73,"href":"https:\/\/graduacao.uel.br\/pedagogia\/wp-json\/wp\/v2\/pages\/26\/revisions\/73"}],"wp:attachment":[{"href":"https:\/\/graduacao.uel.br\/pedagogia\/wp-json\/wp\/v2\/media?parent=26"}],"curies":[{"name":"wp","href":"https:\/\/api.w.org\/{rel}","templated":true}]}}