{"id":28,"date":"2024-06-11T11:08:12","date_gmt":"2024-06-11T14:08:12","guid":{"rendered":"https:\/\/graduacao.uel.br\/pedagogia\/?page_id=28"},"modified":"2024-06-12T14:52:37","modified_gmt":"2024-06-12T17:52:37","slug":"projeto-pedagogico-ppc","status":"publish","type":"page","link":"https:\/\/graduacao.uel.br\/pedagogia\/projeto-pedagogico-ppc\/","title":{"rendered":"Projeto Pedag\u00f3gico (PPC)"},"content":{"rendered":"\n<p>O Projeto Pedag\u00f3gico do Curso de Pedagogia &#8211; resolu\u00e7\u00e3o CEPE 56\/2023 \u00e9 uma Adequa\u00e7\u00e3o Curricular realizada por for\u00e7a de exig\u00eancia legal para atender a Resolu\u00e7\u00e3o CNE\/CES n\u00ba 7\/2018 e a Resolu\u00e7\u00e3o CEPE\/CA n\u00ba 039\/2021, que regulamenta a credita\u00e7\u00e3o curricular, tendo em vista a necessidade de cumprir a Estrat\u00e9gia 12.7, do Plano Nacional de Educa\u00e7\u00e3o. Sendo assim, o conte\u00fado essencial, do projeto anterior, quanto ao perfil do egresso, aos objetivos do curso, fundamenta\u00e7\u00e3o te\u00f3rica e concep\u00e7\u00e3o de avalia\u00e7\u00e3o n\u00e3o foram alterados.<\/p>\n\n\n\n<p>O PPC do Curso passa a ser ofertado em regime anual, com a reformula\u00e7\u00e3o do projeto, para inser\u00e7\u00e3o da legisla\u00e7\u00e3o da curriculariza\u00e7\u00e3o, exig\u00eancia estabelecida pelo Minist\u00e9rio da Educa\u00e7\u00e3o, por meio da Resolu\u00e7\u00e3o CNE\/CES N\u00ba 07\/2018; pela UEL, com a Resolu\u00e7\u00e3o CU N\u00ba 089\/2019 e Resolu\u00e7\u00e3o CEPE\/CA N\u00ba 039\/2021 e; pelo Governo do Estado do Paran\u00e1, com a Indica\u00e7\u00e3o CEE\/CP N\u00ba 08\/2021.<\/p>\n\n\n\n<p>No \u00e2mbito da Universidade, o PPC \u00e9 um documento aprovado pelo Conselho de Ensino, Pesquisa e Extens\u00e3o (CEPE) e Conselho de Administra\u00e7\u00e3o (CA). Posteriormente divulgado, por meio de Resolu\u00e7\u00f5es que apresentam, entre outras informa\u00e7\u00f5es, os per\u00edodos em que ocorrer\u00e3o as aulas, o n\u00famero de vagas e o regime de oferta.<\/p>\n\n\n\n<p>O documento \u00e9 elaborado reunindo outros elementos que constituem a estrutura de funcionamento do Curso, tais como: o objetivo, os campos de atua\u00e7\u00e3o, os dados de identifica\u00e7\u00e3o, o contexto nacional, regional e local; as caracter\u00edsticas gerais, o hist\u00f3rico, as diretrizes; o perfil acad\u00eamico e profissional, o sistema e regime acad\u00eamico, a matriz curricular; a articula\u00e7\u00e3o entre eixos de conhecimento, as atividades pedag\u00f3gicas, os ement\u00e1rios, o sistema de avalia\u00e7\u00e3o, a infraestrutura. Assim como as normas gerais para os Est\u00e1gios, o Trabalho de Conclus\u00e3o de Curso (TCC) e as Atividades Acad\u00eamicas Complementares (AAC).<\/p>\n\n\n\n<p>A \u00faltima reformula\u00e7\u00e3o de PPC foi homologada pela Resolu\u00e7\u00e3o CEPE\/CA n\u00ba 118\/2018 e s\u00e3o disponibilizadas 80 vagas por per\u00edodo, totalizando 160 vagas dispon\u00edveis aos interessados que procuram o curso de Pedagogia numa universidade p\u00fablica, na regi\u00e3o, conforme dados disponibilizados no documento Centro em Dados (UEL 2022).<\/p>\n\n\n\n<p>Tais dimens\u00f5es s\u00e3o contempladas neste projeto nos seguintes Eixos:<\/p>\n\n\n\n<p>Educa\u00e7\u00e3o e Sociedade, Conhecimento, Curr\u00edculo e Gest\u00e3o, Conhecimento sobre a Doc\u00eancia, Conhecimento sobre a Pesquisa em Educa\u00e7\u00e3o e Est\u00e1gio Supervisionado.<\/p>\n\n\n\n<p>Cumpre reafirmar que, no contexto dessas abordagens, a forma\u00e7\u00e3o de professores tem sido entendida como um processo que se desencadeia com a forma\u00e7\u00e3o inicial e vai se completando durante toda a vida profissional, naquilo que est\u00e1 se convencionando chamar de forma\u00e7\u00e3o continuada. Todas essas exig\u00eancias para o ser professor fundamentam a defesa da necessidade de uma forma\u00e7\u00e3o aprimorada, em dois momentos: inicial, nos cursos superiores e, cont\u00ednua, nos espa\u00e7os de trabalho.<\/p>\n\n\n\n<p>O principal objetivo para o curso de Pedagogia expresso neste Projeto Pedag\u00f3gico Curricular \u00e9 a forma\u00e7\u00e3o de um profissional que seja capaz de articular os objetivos educacionais, com base nos pressupostos s\u00f3cio hist\u00f3ricos, pol\u00edticos e culturais, \u00e0s diferentes abordagens metodol\u00f3gicas, priorizando a forma\u00e7\u00e3o integral.<\/p>\n\n\n\n<div class=\"wp-block-buttons is-content-justification-center is-layout-flex wp-container-core-buttons-is-layout-16018d1d wp-block-buttons-is-layout-flex\">\n<div class=\"wp-block-button\"><a class=\"wp-block-button__link has-primary-accent-background-color has-background wp-element-button\" href=\"https:\/\/sites.uel.br\/prograd\/graduacao\/projetos-pedagogicos\/projetos-pedagogicos-pedagogia\/\">Resolu\u00e7\u00f5es e Delibera\u00e7\u00f5es<\/a><\/div>\n<\/div>\n\n\n\n<div class=\"wp-block-pb-accordion-item c-accordion__item js-accordion-item no-js\" data-initially-open=\"false\" data-click-to-close=\"true\" data-auto-close=\"true\" data-scroll=\"false\" data-scroll-offset=\"0\"><h6 id=\"at-280\" class=\"c-accordion__title js-accordion-controller\" role=\"button\"><strong>DEPARTAMENTO<\/strong><\/h6><div id=\"ac-280\" class=\"c-accordion__content\">\n<p>O Departamento, subunidade dos Centros de Estudos, constitui-se na menor estrutura de organiza\u00e7\u00e3o administrativa, did\u00e1tico cient\u00edfica e de lota\u00e7\u00e3o de pessoal.<br>No Departamento s\u00e3o reunidas atividades acad\u00eamicas afins e nele est\u00e3o integrados docentes e t\u00e9cnico administrativos para objetivos comuns. (Art. 122 do Regimento Geral da UEL).<\/p>\n<\/div><\/div>\n\n\n\n<div class=\"wp-block-pb-accordion-item c-accordion__item js-accordion-item no-js\" data-initially-open=\"false\" data-click-to-close=\"true\" data-auto-close=\"true\" data-scroll=\"false\" data-scroll-offset=\"0\"><h6 id=\"at-281\" class=\"c-accordion__title js-accordion-controller\" role=\"button\"><strong>COLEGIADO<\/strong><\/h6><div id=\"ac-281\" class=\"c-accordion__content\">\n<p>Os Colegiados de cursos de gradua\u00e7\u00e3o exercem a coordena\u00e7\u00e3o pedag\u00f3gica dos cursos e ser\u00e3o constitu\u00eddos por representantes docentes da \u00e1rea principal de conhecimento e da \u00e1rea b\u00e1sica e\/ou complementar de conhecimento, estudantes e servidores, na forma prevista nos \u00a72\u00ba e \u00a73\u00ba do Art. 27 do Estatuto da Universidade. (Art. alterado atrav\u00e9s da Resolu\u00e7\u00e3o CU 168\/2007).<\/p>\n<\/div><\/div>\n\n\n\n<div class=\"wp-block-pb-accordion-item c-accordion__item js-accordion-item no-js\" data-initially-open=\"false\" data-click-to-close=\"true\" data-auto-close=\"true\" data-scroll=\"false\" data-scroll-offset=\"0\"><h6 id=\"at-282\" class=\"c-accordion__title js-accordion-controller\" role=\"button\"><strong>N\u00daCLEO DOCENTE ESTRUTURANTE (NDE)<\/strong><\/h6><div id=\"ac-282\" class=\"c-accordion__content\">\n<p>O NDE institui-se como parte da estrutura de gest\u00e3o acad\u00eamica do curso com atribui\u00e7\u00f5es consultivas, propositivas e de assessoria, acerca de mat\u00e9rias de natureza acad\u00eamica e pedag\u00f3gica, sendo correspons\u00e1vel pela elabora\u00e7\u00e3o, implementa\u00e7\u00e3o e consolida\u00e7\u00e3o do Projeto Pedag\u00f3gico do Curso (PPC), al\u00e9m de zelar pelo cumprimento das Diretrizes Curriculares Nacionais (DCNs). Tem como objetivos:<\/p>\n\n\n\n<p>1 \u2013 Levantar dificuldades na atua\u00e7\u00e3o do corpo docente do Curso;<\/p>\n\n\n\n<p>2 \u2013 Auxiliar na elabora\u00e7\u00e3o e no acompanhamento do PPC;<\/p>\n\n\n\n<p>3 \u2013 Propor programas ou outras formas de capacita\u00e7\u00e3o docente;<\/p>\n\n\n\n<p>4 \u2013 Acompanhar as avalia\u00e7\u00f5es do Curso definidas pelo Colegiado;<\/p>\n\n\n\n<p>5 \u2013 Analisar e propor modifica\u00e7\u00f5es, quando necess\u00e1rias;<\/p>\n\n\n\n<p>6 \u2013 Indicar formas de incentivo ao desenvolvimento de atividades de pesquisa;<\/p>\n\n\n\n<p>7 \u2013 Contribuir para a concretiza\u00e7\u00e3o do perfil profissional;<\/p>\n\n\n\n<p>8 \u2013 Zelar pelo cumprimento das DCNs aplic\u00e1veis ao Curso de Pedagogia.<\/p>\n<\/div><\/div>\n\n\n\n<div class=\"wp-block-columns is-layout-flex wp-container-core-columns-is-layout-9d6595d7 wp-block-columns-is-layout-flex\">\n<div class=\"wp-block-column is-layout-flow wp-block-column-is-layout-flow\"><\/div>\n<\/div>\n","protected":false},"excerpt":{"rendered":"<p>O Projeto Pedag\u00f3gico do Curso de Pedagogia &#8211; resolu\u00e7\u00e3o CEPE 56\/2023 \u00e9 uma Adequa\u00e7\u00e3o Curricular realizada por for\u00e7a de exig\u00eancia legal para atender a Resolu\u00e7\u00e3o CNE\/CES n\u00ba 7\/2018 e a Resolu\u00e7\u00e3o CEPE\/CA n\u00ba 039\/2021, que regulamenta a credita\u00e7\u00e3o curricular, tendo em vista a necessidade de cumprir a Estrat\u00e9gia 12.7, do Plano Nacional de Educa\u00e7\u00e3o. Sendo [&hellip;]<\/p>\n","protected":false},"author":6,"featured_media":0,"parent":0,"menu_order":0,"comment_status":"closed","ping_status":"closed","template":"","meta":{"_acf_changed":false,"footnotes":""},"class_list":["post-28","page","type-page","status-publish","hentry"],"acf":[],"_links":{"self":[{"href":"https:\/\/graduacao.uel.br\/pedagogia\/wp-json\/wp\/v2\/pages\/28","targetHints":{"allow":["GET"]}}],"collection":[{"href":"https:\/\/graduacao.uel.br\/pedagogia\/wp-json\/wp\/v2\/pages"}],"about":[{"href":"https:\/\/graduacao.uel.br\/pedagogia\/wp-json\/wp\/v2\/types\/page"}],"author":[{"embeddable":true,"href":"https:\/\/graduacao.uel.br\/pedagogia\/wp-json\/wp\/v2\/users\/6"}],"replies":[{"embeddable":true,"href":"https:\/\/graduacao.uel.br\/pedagogia\/wp-json\/wp\/v2\/comments?post=28"}],"version-history":[{"count":5,"href":"https:\/\/graduacao.uel.br\/pedagogia\/wp-json\/wp\/v2\/pages\/28\/revisions"}],"predecessor-version":[{"id":90,"href":"https:\/\/graduacao.uel.br\/pedagogia\/wp-json\/wp\/v2\/pages\/28\/revisions\/90"}],"wp:attachment":[{"href":"https:\/\/graduacao.uel.br\/pedagogia\/wp-json\/wp\/v2\/media?parent=28"}],"curies":[{"name":"wp","href":"https:\/\/api.w.org\/{rel}","templated":true}]}}