{"id":115,"date":"2024-02-21T16:09:47","date_gmt":"2024-02-21T19:09:47","guid":{"rendered":"https:\/\/graduacao.uel.br\/psicologia\/?page_id=115"},"modified":"2024-07-12T20:18:32","modified_gmt":"2024-07-12T23:18:32","slug":"matriz-curricular","status":"publish","type":"page","link":"https:\/\/graduacao.uel.br\/psicologia\/matriz-curricular\/","title":{"rendered":"Matriz Curricular"},"content":{"rendered":"\n<p>Para os estudantes que\u00a0<strong>ingressaram antes de 2023<\/strong>, a Matriz Curricular vigente \u00e9 a seguinte:\u00a0<strong><a href=\"https:\/\/sites.uel.br\/prograd\/wp-content\/uploads\/catalogo_cursos\/2022\/organizacao_curricular\/psicologia.pdf\" target=\"_blank\" rel=\"noreferrer noopener\">Matriz Curricular<\/a><\/strong><\/p>\n\n\n\n<p>Para os <strong>ingressantes a partir de 2023<\/strong>, o curso passou por adapta\u00e7\u00e3o curricular para a credita\u00e7\u00e3o da extens\u00e3o, seguindo o disposto na&nbsp;Resolu\u00e7\u00e3o <a href=\"https:\/\/www.uel.br\/prograd\/documentos\/resolucoes\/2018\/resolucao_126_18.pdf\">CNE\/CES n.07 de 18 de dezembro de 2018<\/a>. <\/p>\n\n\n\n<p>Abaixo segue modelo da <strong>Nova Matriz Curricular<\/strong>:<\/p>\n\n\n\n<div data-wp-interactive=\"core\/file\" class=\"wp-block-file\"><object data-wp-bind--hidden=\"!state.hasPdfPreview\" hidden class=\"wp-block-file__embed\" data=\"https:\/\/graduacao.uel.br\/psicologia\/wp-content\/uploads\/2024\/02\/Matriz-Aprovada-2023.pdf\" type=\"application\/pdf\" style=\"width:100%;height:600px\" aria-label=\"Incorporado de Matriz Aprovada 2023.\"><\/object><a id=\"wp-block-file--media-3ea7f4c6-25bc-4bbf-ab1d-c84a794f8ebc\" href=\"https:\/\/graduacao.uel.br\/psicologia\/wp-content\/uploads\/2024\/02\/Matriz-Aprovada-2023.pdf\">Matriz Aprovada 2023<\/a><a href=\"https:\/\/graduacao.uel.br\/psicologia\/wp-content\/uploads\/2024\/02\/Matriz-Aprovada-2023.pdf\" class=\"wp-block-file__button wp-element-button\" download aria-describedby=\"wp-block-file--media-3ea7f4c6-25bc-4bbf-ab1d-c84a794f8ebc\">Baixar<\/a><\/div>\n","protected":false},"excerpt":{"rendered":"<p>Para os estudantes que\u00a0ingressaram antes de 2023, a Matriz Curricular vigente \u00e9 a seguinte:\u00a0Matriz Curricular Para os ingressantes a partir de 2023, o curso passou por adapta\u00e7\u00e3o curricular para a credita\u00e7\u00e3o da extens\u00e3o, seguindo o disposto na&nbsp;Resolu\u00e7\u00e3o CNE\/CES n.07 de 18 de dezembro de 2018. Abaixo segue modelo da Nova Matriz Curricular:<\/p>\n","protected":false},"author":6,"featured_media":0,"parent":0,"menu_order":0,"comment_status":"closed","ping_status":"closed","template":"","meta":{"_acf_changed":false,"footnotes":""},"class_list":["post-115","page","type-page","status-publish","hentry"],"acf":[],"_links":{"self":[{"href":"https:\/\/graduacao.uel.br\/psicologia\/wp-json\/wp\/v2\/pages\/115","targetHints":{"allow":["GET"]}}],"collection":[{"href":"https:\/\/graduacao.uel.br\/psicologia\/wp-json\/wp\/v2\/pages"}],"about":[{"href":"https:\/\/graduacao.uel.br\/psicologia\/wp-json\/wp\/v2\/types\/page"}],"author":[{"embeddable":true,"href":"https:\/\/graduacao.uel.br\/psicologia\/wp-json\/wp\/v2\/users\/6"}],"replies":[{"embeddable":true,"href":"https:\/\/graduacao.uel.br\/psicologia\/wp-json\/wp\/v2\/comments?post=115"}],"version-history":[{"count":6,"href":"https:\/\/graduacao.uel.br\/psicologia\/wp-json\/wp\/v2\/pages\/115\/revisions"}],"predecessor-version":[{"id":349,"href":"https:\/\/graduacao.uel.br\/psicologia\/wp-json\/wp\/v2\/pages\/115\/revisions\/349"}],"wp:attachment":[{"href":"https:\/\/graduacao.uel.br\/psicologia\/wp-json\/wp\/v2\/media?parent=115"}],"curies":[{"name":"wp","href":"https:\/\/api.w.org\/{rel}","templated":true}]}}