{"id":117,"date":"2024-02-21T16:10:19","date_gmt":"2024-02-21T19:10:19","guid":{"rendered":"https:\/\/graduacao.uel.br\/psicologia\/?page_id=117"},"modified":"2024-04-17T11:21:32","modified_gmt":"2024-04-17T14:21:32","slug":"projeto-pedagogico-ppc","status":"publish","type":"page","link":"https:\/\/graduacao.uel.br\/psicologia\/projeto-pedagogico-ppc\/","title":{"rendered":"Projeto Pedag\u00f3gico (PPC)"},"content":{"rendered":"\n<p>O curso de Psicologia da UEL est\u00e1 configurado de acordo com as Diretrizes Curriculares Nacionais (DCNs) do curso aprovadas pelo MEC\/CNE\/CES em 2011, a qual determina que os cursos de psicologia devem proporcionar aos estudantes uma forma\u00e7\u00e3o generalista, voltada para a atua\u00e7\u00e3o profissional, para a pesquisa e o ensino na psicologia, a partir de m\u00faltiplos referenciais te\u00f3ricos e metodol\u00f3gicos e considerando a interface com \u00e1reas afins de conhecimento. <\/p>\n\n\n\n<p>O profissional egresso dever\u00e1 respeitar os princ\u00edpios e valores da \u00e9tica e da cidadania, sendo dotado de conhecimentos ancorados em habilidades e compet\u00eancias que o permitam trabalhar na aten\u00e7\u00e3o \u00e0 sa\u00fade, tomar decis\u00f5es, exercer lideran\u00e7a, comunicar informa\u00e7\u00f5es a outros profissionais, realizar o gerenciamento e a administra\u00e7\u00e3o em contextos de trabalho e manter-se atualizado por meio de educa\u00e7\u00e3o continuada. <\/p>\n\n\n\n<p>Isso \u00e9 poss\u00edvel a partir da divis\u00e3o do curso em um n\u00facleo comum de disciplinas das \u00e1reas da psicologia e afins (que permite uma base de forma\u00e7\u00e3o s\u00f3lida e compartilhada por psic\u00f3logos de diversas partes do pa\u00eds) e de um conjunto de \u00eanfases curriculares que permitem a considera\u00e7\u00e3o do contexto local na forma\u00e7\u00e3o do estudante. No curr\u00edculo da UEL, as \u00eanfases s\u00e3o duas: <\/p>\n\n\n\n<p>I- Investiga\u00e7\u00e3o Cient\u00edfica e Interven\u00e7\u00e3o em Processos Cl\u00ednicos e Sa\u00fade e<\/p>\n\n\n\n<p>II- Investiga\u00e7\u00e3o Cient\u00edfica e Interven\u00e7\u00e3o em Processos Sociais e Institucionais. <\/p>\n\n\n\n<p>As \u00eanfases do curso s\u00e3o demarcadas nos est\u00e1gios curriculares espec\u00edficos de \u00eanfase, os quais ocorrem ap\u00f3s o est\u00e1gio b\u00e1sico (3\u00aa s\u00e9rie), se estendendo para a 4\u00aa s\u00e9rie e a 5\u00aa s\u00e9rie. <\/p>\n\n\n\n<p>O curso de Psicologia da UEL teve seu projeto pedag\u00f3gico reformulado para os ingressantes em 2019, apresentando uma carga hor\u00e1ria total de 4180 (para os que realizam uma \u00eanfase) e 4690 horas (para os realizam duas \u00eanfases) que deve ser integralizada em cinco anos (m\u00e1ximo 10 anos). Para esses estudantes, deve-se cursar 400 horas de atividades acad\u00eamicas complementares, incluindo a possibilidade de cursar a disciplina de LIBRAS como optativa. <\/p>\n\n\n\n<p>Para os ingressantes a partir de 2023, o curso passou por adapta\u00e7\u00e3o curricular para a credita\u00e7\u00e3o da extens\u00e3o, seguindo o disposto na\u00a0Resolu\u00e7\u00e3o CNE\/CES n.07 de 18 de dezembro de 2018, que determina que 10% da carga hor\u00e1ria total dos cursos de gradua\u00e7\u00e3o devem se dedicar\u00a0\u00e0s atividades de extens\u00e3o. Assim sendo, a espinha dorsal do projeto pedag\u00f3gico se manteve, por\u00e9m, algumas disciplinas foram eliminadas ou reduzidas em carga hor\u00e1ria para se ajustar \u00e0 nova legisla\u00e7\u00e3o,\u00a0tendo-se tamb\u00e9m reduzido as atividades acad\u00eamicas complementares para 140 horas. O curso conta com 470 horas de extens\u00e3o, sendo 235 de atividades livres e 235 de atividades indicadas (vinculadas \u00e0 forma\u00e7\u00e3o em psicologia), que devem ser cumpridas ao longo do curso.\u00a0<\/p>\n\n\n\n<div class=\"wp-block-columns is-layout-flex wp-container-core-columns-is-layout-9d6595d7 wp-block-columns-is-layout-flex\">\n<div class=\"wp-block-column is-layout-flow wp-block-column-is-layout-flow\"><\/div>\n<\/div>\n\n\n\n<div class=\"wp-block-buttons is-content-justification-center is-layout-flex wp-container-core-buttons-is-layout-16018d1d wp-block-buttons-is-layout-flex\">\n<div class=\"wp-block-button\"><a class=\"wp-block-button__link has-primary-accent-background-color has-background wp-element-button\" href=\"https:\/\/sites.uel.br\/prograd\/graduacao\/projetos-pedagogicos\/projetos-pedagogicos-psicologia-formacao-de-psicologo\/\">Resolu\u00e7\u00f5es e Delibera\u00e7\u00f5es<\/a><\/div>\n<\/div>\n\n\n\n<div class=\"wp-block-columns is-layout-flex wp-container-core-columns-is-layout-9d6595d7 wp-block-columns-is-layout-flex\">\n<div class=\"wp-block-column is-layout-flow wp-block-column-is-layout-flow\"><\/div>\n<\/div>\n\n\n\n<div class=\"wp-block-pb-accordion-item c-accordion__item js-accordion-item no-js\" data-initially-open=\"false\" data-click-to-close=\"true\" data-auto-close=\"true\" data-scroll=\"false\" data-scroll-offset=\"0\"><h5 id=\"at-1172\" class=\"c-accordion__title js-accordion-controller\" role=\"button\">DEPARTAMENTO<\/h5><div id=\"ac-1172\" class=\"c-accordion__content\">\n<p>O Departamento, subunidade dos Centros de Estudos, constitui-se na menor estrutura de organiza\u00e7\u00e3o administrativa, did\u00e1tico cient\u00edfica e de lota\u00e7\u00e3o de pessoal.<br>No Departamento s\u00e3o reunidas atividades acad\u00eamicas afins e nele est\u00e3o integrados docentes e t\u00e9cnico administrativos para objetivos comuns. (Art. 122 do Regimento Geral da UEL).<\/p>\n<\/div><\/div>\n\n\n\n<div class=\"wp-block-pb-accordion-item c-accordion__item js-accordion-item no-js\" data-initially-open=\"false\" data-click-to-close=\"true\" data-auto-close=\"true\" data-scroll=\"false\" data-scroll-offset=\"0\"><h5 id=\"at-1174\" class=\"c-accordion__title js-accordion-controller\" role=\"button\">COLEGIADO<\/h5><div id=\"ac-1174\" class=\"c-accordion__content\">\n<p>Os Colegiados de cursos de gradua\u00e7\u00e3o exercem a coordena\u00e7\u00e3o pedag\u00f3gica dos cursos e ser\u00e3o constitu\u00eddos por representantes docentes da \u00e1rea principal de conhecimento e da \u00e1rea b\u00e1sica e\/ou complementar de conhecimento, estudantes e servidores, na forma prevista nos \u00a72\u00ba e \u00a73\u00ba do Art. 27 do Estatuto da Universidade. (Art. alterado atrav\u00e9s da Resolu\u00e7\u00e3o CU 168\/2007).<\/p>\n<\/div><\/div>\n\n\n\n<div class=\"wp-block-pb-accordion-item c-accordion__item js-accordion-item no-js\" data-initially-open=\"false\" data-click-to-close=\"true\" data-auto-close=\"true\" data-scroll=\"false\" data-scroll-offset=\"0\"><h5 id=\"at-1170\" class=\"c-accordion__title js-accordion-controller\" role=\"button\"><strong>N\u00daCLEO DOCENTE ESTRUTURANTE (NDE)<\/strong><\/h5><div id=\"ac-1170\" class=\"c-accordion__content\">\n<p>O NDE institui-se como parte da estrutura de gest\u00e3o acad\u00eamica do curso com atribui\u00e7\u00f5es consultivas, propositivas e de assessoria, acerca de mat\u00e9rias de natureza acad\u00eamica e pedag\u00f3gica, sendo correspons\u00e1vel pela elabora\u00e7\u00e3o, implementa\u00e7\u00e3o e consolida\u00e7\u00e3o do Projeto Pedag\u00f3gico do Curso (PPC), al\u00e9m de zelar pelo cumprimento das Diretrizes Curriculares Nacionais (DCNs). Tem como objetivos:<\/p>\n\n\n\n<p>1 \u2013 Levantar dificuldades na atua\u00e7\u00e3o do corpo docente do Curso;<\/p>\n\n\n\n<p>2 \u2013 Auxiliar na elabora\u00e7\u00e3o e no acompanhamento do PPC;<\/p>\n\n\n\n<p>3 \u2013 Propor programas ou outras formas de capacita\u00e7\u00e3o docente;<\/p>\n\n\n\n<p>4 \u2013 Acompanhar as avalia\u00e7\u00f5es do Curso definidas pelo Colegiado;<\/p>\n\n\n\n<p>5 \u2013 Analisar e propor modifica\u00e7\u00f5es, quando necess\u00e1rias;<\/p>\n\n\n\n<p>6 \u2013 Indicar formas de incentivo ao desenvolvimento de atividades de pesquisa;<\/p>\n\n\n\n<p>7 \u2013 Contribuir para a concretiza\u00e7\u00e3o do perfil profissional;<\/p>\n\n\n\n<p>8 \u2013 Zelar pelo cumprimento das DCNs aplic\u00e1veis ao Curso de Psicologia.<\/p>\n\n\n\n<p><\/p>\n<\/div><\/div>\n\n\n\n<p><\/p>\n\n\n\n<p><\/p>\n","protected":false},"excerpt":{"rendered":"<p>O curso de Psicologia da UEL est\u00e1 configurado de acordo com as Diretrizes Curriculares Nacionais (DCNs) do curso aprovadas pelo MEC\/CNE\/CES em 2011, a qual determina que os cursos de psicologia devem proporcionar aos estudantes uma forma\u00e7\u00e3o generalista, voltada para a atua\u00e7\u00e3o profissional, para a pesquisa e o ensino na psicologia, a partir de m\u00faltiplos [&hellip;]<\/p>\n","protected":false},"author":6,"featured_media":0,"parent":0,"menu_order":0,"comment_status":"closed","ping_status":"closed","template":"","meta":{"_acf_changed":false,"footnotes":""},"class_list":["post-117","page","type-page","status-publish","hentry"],"acf":[],"_links":{"self":[{"href":"https:\/\/graduacao.uel.br\/psicologia\/wp-json\/wp\/v2\/pages\/117","targetHints":{"allow":["GET"]}}],"collection":[{"href":"https:\/\/graduacao.uel.br\/psicologia\/wp-json\/wp\/v2\/pages"}],"about":[{"href":"https:\/\/graduacao.uel.br\/psicologia\/wp-json\/wp\/v2\/types\/page"}],"author":[{"embeddable":true,"href":"https:\/\/graduacao.uel.br\/psicologia\/wp-json\/wp\/v2\/users\/6"}],"replies":[{"embeddable":true,"href":"https:\/\/graduacao.uel.br\/psicologia\/wp-json\/wp\/v2\/comments?post=117"}],"version-history":[{"count":14,"href":"https:\/\/graduacao.uel.br\/psicologia\/wp-json\/wp\/v2\/pages\/117\/revisions"}],"predecessor-version":[{"id":342,"href":"https:\/\/graduacao.uel.br\/psicologia\/wp-json\/wp\/v2\/pages\/117\/revisions\/342"}],"wp:attachment":[{"href":"https:\/\/graduacao.uel.br\/psicologia\/wp-json\/wp\/v2\/media?parent=117"}],"curies":[{"name":"wp","href":"https:\/\/api.w.org\/{rel}","templated":true}]}}