{"id":141,"date":"2024-02-23T09:47:48","date_gmt":"2024-02-23T12:47:48","guid":{"rendered":"https:\/\/graduacao.uel.br\/psicologia\/?page_id=141"},"modified":"2024-03-05T13:32:13","modified_gmt":"2024-03-05T16:32:13","slug":"associacao-atletica","status":"publish","type":"page","link":"https:\/\/graduacao.uel.br\/psicologia\/associacao-atletica\/","title":{"rendered":"Associa\u00e7\u00e3o Atl\u00e9tica"},"content":{"rendered":"\n<p><strong>Associa\u00e7\u00e3o Atl\u00e9tica VI de setembro<\/strong> &#8211; Estudantes do Curso de Psicologia se re\u00fanem para treinamentos desportivos e realizam eventos para competir com os demais cursos da universidade. <\/p>\n\n\n\n<p>Para conhecer mais sobre essa Associa\u00e7\u00e3o <strong><a href=\"https:\/\/www.facebook.com\/FrangoCaipira\/?locale=pt_BR\">clique aqui<\/a><\/strong>.<\/p>\n","protected":false},"excerpt":{"rendered":"<p>Associa\u00e7\u00e3o Atl\u00e9tica VI de setembro &#8211; Estudantes do Curso de Psicologia se re\u00fanem para treinamentos desportivos e realizam eventos para competir com os demais cursos da universidade. Para conhecer mais sobre essa Associa\u00e7\u00e3o clique aqui.<\/p>\n","protected":false},"author":6,"featured_media":0,"parent":0,"menu_order":0,"comment_status":"closed","ping_status":"closed","template":"","meta":{"_acf_changed":false,"footnotes":""},"class_list":["post-141","page","type-page","status-publish","hentry"],"acf":[],"_links":{"self":[{"href":"https:\/\/graduacao.uel.br\/psicologia\/wp-json\/wp\/v2\/pages\/141","targetHints":{"allow":["GET"]}}],"collection":[{"href":"https:\/\/graduacao.uel.br\/psicologia\/wp-json\/wp\/v2\/pages"}],"about":[{"href":"https:\/\/graduacao.uel.br\/psicologia\/wp-json\/wp\/v2\/types\/page"}],"author":[{"embeddable":true,"href":"https:\/\/graduacao.uel.br\/psicologia\/wp-json\/wp\/v2\/users\/6"}],"replies":[{"embeddable":true,"href":"https:\/\/graduacao.uel.br\/psicologia\/wp-json\/wp\/v2\/comments?post=141"}],"version-history":[{"count":4,"href":"https:\/\/graduacao.uel.br\/psicologia\/wp-json\/wp\/v2\/pages\/141\/revisions"}],"predecessor-version":[{"id":265,"href":"https:\/\/graduacao.uel.br\/psicologia\/wp-json\/wp\/v2\/pages\/141\/revisions\/265"}],"wp:attachment":[{"href":"https:\/\/graduacao.uel.br\/psicologia\/wp-json\/wp\/v2\/media?parent=141"}],"curies":[{"name":"wp","href":"https:\/\/api.w.org\/{rel}","templated":true}]}}