{"id":252,"date":"2024-03-04T15:20:34","date_gmt":"2024-03-04T18:20:34","guid":{"rendered":"https:\/\/graduacao.uel.br\/psicologia\/?page_id=252"},"modified":"2024-03-04T15:24:48","modified_gmt":"2024-03-04T18:24:48","slug":"centro-academico","status":"publish","type":"page","link":"https:\/\/graduacao.uel.br\/psicologia\/centro-academico\/","title":{"rendered":"Centro Acad\u00eamico"},"content":{"rendered":"\n<p>O <strong>CAPSIUEL<\/strong> representa os estudantes do Curso de Psicologia. <\/p>\n\n\n\n<p>Possui autogest\u00e3o sem lideran\u00e7a definida, estando articulado \u00e0 gest\u00e3o do curso por meio da representa\u00e7\u00e3o estudantil do Colegiado. <\/p>\n\n\n\n<p>Para mais informa\u00e7\u00f5es <strong><a href=\"https:\/\/www.instagram.com\/capsiuel\/\">clique aqui<\/a><\/strong>.<\/p>\n","protected":false},"excerpt":{"rendered":"<p>O CAPSIUEL representa os estudantes do Curso de Psicologia. Possui autogest\u00e3o sem lideran\u00e7a definida, estando articulado \u00e0 gest\u00e3o do curso por meio da representa\u00e7\u00e3o estudantil do Colegiado. Para mais informa\u00e7\u00f5es clique aqui.<\/p>\n","protected":false},"author":6,"featured_media":0,"parent":0,"menu_order":0,"comment_status":"closed","ping_status":"closed","template":"","meta":{"_acf_changed":false,"footnotes":""},"class_list":["post-252","page","type-page","status-publish","hentry"],"acf":[],"_links":{"self":[{"href":"https:\/\/graduacao.uel.br\/psicologia\/wp-json\/wp\/v2\/pages\/252","targetHints":{"allow":["GET"]}}],"collection":[{"href":"https:\/\/graduacao.uel.br\/psicologia\/wp-json\/wp\/v2\/pages"}],"about":[{"href":"https:\/\/graduacao.uel.br\/psicologia\/wp-json\/wp\/v2\/types\/page"}],"author":[{"embeddable":true,"href":"https:\/\/graduacao.uel.br\/psicologia\/wp-json\/wp\/v2\/users\/6"}],"replies":[{"embeddable":true,"href":"https:\/\/graduacao.uel.br\/psicologia\/wp-json\/wp\/v2\/comments?post=252"}],"version-history":[{"count":3,"href":"https:\/\/graduacao.uel.br\/psicologia\/wp-json\/wp\/v2\/pages\/252\/revisions"}],"predecessor-version":[{"id":257,"href":"https:\/\/graduacao.uel.br\/psicologia\/wp-json\/wp\/v2\/pages\/252\/revisions\/257"}],"wp:attachment":[{"href":"https:\/\/graduacao.uel.br\/psicologia\/wp-json\/wp\/v2\/media?parent=252"}],"curies":[{"name":"wp","href":"https:\/\/api.w.org\/{rel}","templated":true}]}}