{"id":49,"date":"2024-02-09T13:33:40","date_gmt":"2024-02-09T16:33:40","guid":{"rendered":"https:\/\/graduacao.uel.br\/psicologia\/?page_id=49"},"modified":"2024-04-23T09:35:59","modified_gmt":"2024-04-23T12:35:59","slug":"aac","status":"publish","type":"page","link":"https:\/\/graduacao.uel.br\/psicologia\/aac\/","title":{"rendered":"AAC"},"content":{"rendered":"\n<p>As Atividades Acad\u00eamicas Complementares (AAC) correspondem \u00e0 participa\u00e7\u00e3o do estudante em atividades como monitoria acad\u00eamica, projetos de pesquisa em ensino, pesquisa, e extens\u00e3o e integrados, programas de extens\u00e3o e de forma\u00e7\u00e3o complementar no ensino de gradua\u00e7\u00e3o. <\/p>\n\n\n\n<p>Al\u00e9m disso, as participa\u00e7\u00f5es em disciplinas especiais e cursos de extens\u00e3o, eventos, est\u00e1gios curriculares n\u00e3o obrigat\u00f3rios e disciplinas eletivas, sempre com o devido registro institucional,\u00a0poder\u00e3o ser consideradas como AAC, mediante apresenta\u00e7\u00e3o de certificados e\/ou relat\u00f3rios, desde que aprovados pelo Colegiado do Curso de Psicologia.<\/p>\n\n\n\n<p>Ao longo do curso de Psicologia, o estudante dever\u00e1 desenvolver um total de 140 horas em AAC, podendo optar pelas diferentes modalidades de atividades v\u00e1lidas, as quais tipicamente favorecem o desenvolvimento de compet\u00eancias que complementam o conte\u00fado curricular, mas em processos de aprendizagem direcionados pelo pr\u00f3prio estudante.<\/p>\n","protected":false},"excerpt":{"rendered":"<p>As Atividades Acad\u00eamicas Complementares (AAC) correspondem \u00e0 participa\u00e7\u00e3o do estudante em atividades como monitoria acad\u00eamica, projetos de pesquisa em ensino, pesquisa, e extens\u00e3o e integrados, programas de extens\u00e3o e de forma\u00e7\u00e3o complementar no ensino de gradua\u00e7\u00e3o. Al\u00e9m disso, as participa\u00e7\u00f5es em disciplinas especiais e cursos de extens\u00e3o, eventos, est\u00e1gios curriculares n\u00e3o obrigat\u00f3rios e disciplinas eletivas, [&hellip;]<\/p>\n","protected":false},"author":6,"featured_media":0,"parent":0,"menu_order":0,"comment_status":"closed","ping_status":"closed","template":"","meta":{"_acf_changed":false,"footnotes":""},"class_list":["post-49","page","type-page","status-publish","hentry"],"acf":[],"_links":{"self":[{"href":"https:\/\/graduacao.uel.br\/psicologia\/wp-json\/wp\/v2\/pages\/49","targetHints":{"allow":["GET"]}}],"collection":[{"href":"https:\/\/graduacao.uel.br\/psicologia\/wp-json\/wp\/v2\/pages"}],"about":[{"href":"https:\/\/graduacao.uel.br\/psicologia\/wp-json\/wp\/v2\/types\/page"}],"author":[{"embeddable":true,"href":"https:\/\/graduacao.uel.br\/psicologia\/wp-json\/wp\/v2\/users\/6"}],"replies":[{"embeddable":true,"href":"https:\/\/graduacao.uel.br\/psicologia\/wp-json\/wp\/v2\/comments?post=49"}],"version-history":[{"count":4,"href":"https:\/\/graduacao.uel.br\/psicologia\/wp-json\/wp\/v2\/pages\/49\/revisions"}],"predecessor-version":[{"id":291,"href":"https:\/\/graduacao.uel.br\/psicologia\/wp-json\/wp\/v2\/pages\/49\/revisions\/291"}],"wp:attachment":[{"href":"https:\/\/graduacao.uel.br\/psicologia\/wp-json\/wp\/v2\/media?parent=49"}],"curies":[{"name":"wp","href":"https:\/\/api.w.org\/{rel}","templated":true}]}}