{"id":8,"date":"2024-02-08T14:14:23","date_gmt":"2024-02-08T17:14:23","guid":{"rendered":"https:\/\/graduacao.uel.br\/psicologia\/?page_id=8"},"modified":"2024-02-27T11:38:47","modified_gmt":"2024-02-27T14:38:47","slug":"o-curso","status":"publish","type":"page","link":"https:\/\/graduacao.uel.br\/psicologia\/o-curso\/","title":{"rendered":"O Curso"},"content":{"rendered":"\n<p>O curso de Psicologia foi criado, no \u00e2mbito da Universidade Estadual de Londrina, em 1970 (antes da cria\u00e7\u00e3o da Universidade, o curso existia em faculdade, desde 1950). A resolu\u00e7\u00e3o CEPE\/CA de 2018 foi a pen\u00faltima vers\u00e3o do curso, que est\u00e1 em vigor entre a segunda e a quinta s\u00e9ries. A partir de 2023, o curso sofreu adapta\u00e7\u00e3o curricular para a credita\u00e7\u00e3o da extens\u00e3o, ainda sem publica\u00e7\u00e3o pelo CEPE\/CA. <\/p>\n\n\n\n<h4 class=\"wp-block-heading\"><strong>Objetivo<\/strong><\/h4>\n\n\n\n<p>O curso objetiva oportunizar uma forma\u00e7\u00e3o profissional qualificada, capaz de permitir \u00e0 (ao) psic\u00f3loga(o) analisar comparativamente conceitos e instrumentos de an\u00e1lise, de investiga\u00e7\u00e3o e de interven\u00e7\u00e3o, a partir de diferentes sistemas psicol\u00f3gicos, possibilitando, desta forma, o desenvolvimento de diversificadas posi\u00e7\u00f5es frente a uma problem\u00e1tica, seja ela individual, coletiva ou socioinstitucional. <\/p>\n\n\n\n<p>Por meio do favorecimento de uma forma\u00e7\u00e3o sustentada tamb\u00e9m pela pesquisa e a extens\u00e3o, o ensino buscar\u00e1 permitir ao profissional identificar e levantar estrat\u00e9gias para o tratamento e interven\u00e7\u00e3o de problemas individuais, coletivos e sociais, relevantes \u00e0 cultura e a sociedade, podendo-se envolver, de forma efetiva, nas mudan\u00e7as sociais. <\/p>\n\n\n\n<p>Busca habilitar o exerc\u00edcio do pensamento anal\u00edtico, cr\u00edtico, reflexivo, criativo, interdisciplinar e l\u00f3gico, importante para o enfrentamento das dificuldades que emergem do contexto cl\u00ednico e da realidade social que o(a) egresso(a) enfrentar\u00e1. Nesse sentido, dever\u00e1 ser capaz de atuar em diversos campos de atua\u00e7\u00e3o, como o consult\u00f3rio particular, a cl\u00ednica em institui\u00e7\u00f5es p\u00fablicas e privadas, nas pol\u00edticas p\u00fablicas de sa\u00fade (rede SUS), assist\u00eancia social, educa\u00e7\u00e3o, justi\u00e7a, seguran\u00e7a, tr\u00e2nsito, organiza\u00e7\u00f5es, n\u00facleos rurais, e urbanos, assessorias, esporte e lazer, urg\u00eancias e emerg\u00eancias, dentre outros campos. <\/p>\n\n\n\n<h4 class=\"wp-block-heading\">Perfil do egresso<\/h4>\n\n\n\n<p>O<strong> <\/strong>egresso do Curso de Psicologia da UEL \u00e9 um profissional qualificado, com compet\u00eancias te\u00f3ricas e t\u00e9cnicas para desenvolver a\u00e7\u00f5es de pesquisa, diagn\u00f3stico e interven\u00e7\u00e3o sustentadas numa posi\u00e7\u00e3o te\u00f3rica, \u00e9tica e cr\u00edtica, comprometida com o seu objeto de trabalho \u2013 o ser humano em suas m\u00faltiplas rela\u00e7\u00f5es com a vida e o viver na sociedade brasileira \u2013 e com os diferentes cen\u00e1rios de atua\u00e7\u00e3o pertinentes ao fazer do psic\u00f3logo. <\/p>\n\n\n\n<p>O(a) egresso(a) dever\u00e1 agir com autonomia e responsabilidade, em condi\u00e7\u00f5es de atuar em equipes interdisciplinares e multidisciplinares. Dever\u00e1 ser capaz de aplicar seus conhecimentos e habilidades em diversos contextos de atua\u00e7\u00e3o: no consult\u00f3rio privado e na cl\u00ednica p\u00fablica, nas institui\u00e7\u00f5es de sa\u00fade, nas institui\u00e7\u00f5es de educa\u00e7\u00e3o, no campo do trabalho, na comunidade, nas organiza\u00e7\u00f5es e demais institui\u00e7\u00f5es que abarcam o objeto de estudo da psicologia, tamb\u00e9m desenvolvendo e gerindo projetos que envolvam o escopo do trabalho do psic\u00f3logo. Seu trabalho dever\u00e1 ser comprometido com a cultura, com as transforma\u00e7\u00f5es pol\u00edtico-sociais, sustentado numa pr\u00e1tica responsiva \u00e0s exig\u00eancias de uma educa\u00e7\u00e3o inclusiva, com valores de diversidade e de cidadania.<\/p>\n","protected":false},"excerpt":{"rendered":"<p>O curso de Psicologia foi criado, no \u00e2mbito da Universidade Estadual de Londrina, em 1970 (antes da cria\u00e7\u00e3o da Universidade, o curso existia em faculdade, desde 1950). A resolu\u00e7\u00e3o CEPE\/CA de 2018 foi a pen\u00faltima vers\u00e3o do curso, que est\u00e1 em vigor entre a segunda e a quinta s\u00e9ries. A partir de 2023, o curso [&hellip;]<\/p>\n","protected":false},"author":6,"featured_media":0,"parent":0,"menu_order":0,"comment_status":"closed","ping_status":"closed","template":"","meta":{"_acf_changed":false,"footnotes":""},"class_list":["post-8","page","type-page","status-publish","hentry"],"acf":[],"_links":{"self":[{"href":"https:\/\/graduacao.uel.br\/psicologia\/wp-json\/wp\/v2\/pages\/8","targetHints":{"allow":["GET"]}}],"collection":[{"href":"https:\/\/graduacao.uel.br\/psicologia\/wp-json\/wp\/v2\/pages"}],"about":[{"href":"https:\/\/graduacao.uel.br\/psicologia\/wp-json\/wp\/v2\/types\/page"}],"author":[{"embeddable":true,"href":"https:\/\/graduacao.uel.br\/psicologia\/wp-json\/wp\/v2\/users\/6"}],"replies":[{"embeddable":true,"href":"https:\/\/graduacao.uel.br\/psicologia\/wp-json\/wp\/v2\/comments?post=8"}],"version-history":[{"count":4,"href":"https:\/\/graduacao.uel.br\/psicologia\/wp-json\/wp\/v2\/pages\/8\/revisions"}],"predecessor-version":[{"id":236,"href":"https:\/\/graduacao.uel.br\/psicologia\/wp-json\/wp\/v2\/pages\/8\/revisions\/236"}],"wp:attachment":[{"href":"https:\/\/graduacao.uel.br\/psicologia\/wp-json\/wp\/v2\/media?parent=8"}],"curies":[{"name":"wp","href":"https:\/\/api.w.org\/{rel}","templated":true}]}}