{"id":101,"date":"2024-06-17T17:16:20","date_gmt":"2024-06-17T20:16:20","guid":{"rendered":"https:\/\/graduacao.uel.br\/quimica\/?page_id=101"},"modified":"2024-06-17T17:16:20","modified_gmt":"2024-06-17T20:16:20","slug":"tcc","status":"publish","type":"page","link":"https:\/\/graduacao.uel.br\/quimica\/tcc\/","title":{"rendered":"TCC"},"content":{"rendered":"\n<p>O Trabalho de Conclus\u00e3o de Curso (TCC) \u00e9 considerado uma atividade acad\u00eamica essencial e que pode ser realizada a partir do quarto ano do curso. <\/p>\n\n\n\n<p>Trata-se de um trabalho descritivo de atividades cient\u00edficas, redigido e impresso, elaborado individualmente pelo estudante formando, sob a orienta\u00e7\u00e3o de um docente da UEL.<\/p>\n\n\n\n<p><\/p>\n\n\n\n<div class=\"wp-block-buttons is-content-justification-center is-layout-flex wp-container-core-buttons-is-layout-16018d1d wp-block-buttons-is-layout-flex\">\n<div class=\"wp-block-button\"><a class=\"wp-block-button__link has-primary-accent-background-color has-background wp-element-button\" href=\"https:\/\/sites.uel.br\/prograd\/regulamentos-trabalho-de-conclusao-de-curso-tcc\/\">Regulamento TCC<\/a><\/div>\n<\/div>\n","protected":false},"excerpt":{"rendered":"<p>O Trabalho de Conclus\u00e3o de Curso (TCC) \u00e9 considerado uma atividade acad\u00eamica essencial e que pode ser realizada a partir do quarto ano do curso. Trata-se de um trabalho descritivo de atividades cient\u00edficas, redigido e impresso, elaborado individualmente pelo estudante formando, sob a orienta\u00e7\u00e3o de um docente da UEL.<\/p>\n","protected":false},"author":8,"featured_media":0,"parent":0,"menu_order":0,"comment_status":"closed","ping_status":"closed","template":"","meta":{"_acf_changed":false,"footnotes":""},"class_list":["post-101","page","type-page","status-publish","hentry"],"acf":[],"_links":{"self":[{"href":"https:\/\/graduacao.uel.br\/quimica\/wp-json\/wp\/v2\/pages\/101","targetHints":{"allow":["GET"]}}],"collection":[{"href":"https:\/\/graduacao.uel.br\/quimica\/wp-json\/wp\/v2\/pages"}],"about":[{"href":"https:\/\/graduacao.uel.br\/quimica\/wp-json\/wp\/v2\/types\/page"}],"author":[{"embeddable":true,"href":"https:\/\/graduacao.uel.br\/quimica\/wp-json\/wp\/v2\/users\/8"}],"replies":[{"embeddable":true,"href":"https:\/\/graduacao.uel.br\/quimica\/wp-json\/wp\/v2\/comments?post=101"}],"version-history":[{"count":1,"href":"https:\/\/graduacao.uel.br\/quimica\/wp-json\/wp\/v2\/pages\/101\/revisions"}],"predecessor-version":[{"id":102,"href":"https:\/\/graduacao.uel.br\/quimica\/wp-json\/wp\/v2\/pages\/101\/revisions\/102"}],"wp:attachment":[{"href":"https:\/\/graduacao.uel.br\/quimica\/wp-json\/wp\/v2\/media?parent=101"}],"curies":[{"name":"wp","href":"https:\/\/api.w.org\/{rel}","templated":true}]}}