{"id":113,"date":"2024-06-17T17:37:14","date_gmt":"2024-06-17T20:37:14","guid":{"rendered":"https:\/\/graduacao.uel.br\/quimica\/?page_id=113"},"modified":"2024-06-18T11:21:52","modified_gmt":"2024-06-18T14:21:52","slug":"liga-academica","status":"publish","type":"page","link":"https:\/\/graduacao.uel.br\/quimica\/liga-academica\/","title":{"rendered":"Liga Acad\u00eamica"},"content":{"rendered":"\n<p>A Liga Acad\u00eamica de Qu\u00edmica Farmac\u00eautica e Medicinal da UEL (LAQFAM) foi criada em junho de 2021 e atualmente est\u00e1 sob a coordena\u00e7\u00e3o da professora Marcelle de Lima Ferreira Bispo. <\/p>\n\n\n\n<p>O objetivo da Liga \u00e9 complementar a forma\u00e7\u00e3o curricular em qu\u00edmica farmac\u00eautica medicinal por meio de discuss\u00e3o de artigos cient\u00edficos e resolu\u00e7\u00e3o de<br>problemas relacionados a esse campo da Ci\u00eancia, promovendo integra\u00e7\u00e3o entre os conhecimentos de Qu\u00edmica Org\u00e2nica, Bioqu\u00edmica, Fisiologia, Microbiologia, Patologia, Farmacologia e demais \u00e1reas afins. <\/p>\n\n\n\n<p>As atividades da Liga incluem aulas e encontro semanais sobre temas da \u00e1rea e tamb\u00e9m a realiza\u00e7\u00e3o de do Simp\u00f3sio de Qu\u00edmica Farmac\u00eautica e Medicinal (SIMQUIFAM), que ocorre anualmente desde o ano de 2021.<\/p>\n\n\n\n<p><a href=\"https:\/\/www.instagram.com\/laqfam\" target=\"_blank\" rel=\"noreferrer noopener\"><strong>Saiba mais sobre a LAQFAM<\/strong><\/a>.<\/p>\n","protected":false},"excerpt":{"rendered":"<p>A Liga Acad\u00eamica de Qu\u00edmica Farmac\u00eautica e Medicinal da UEL (LAQFAM) foi criada em junho de 2021 e atualmente est\u00e1 sob a coordena\u00e7\u00e3o da professora Marcelle de Lima Ferreira Bispo. O objetivo da Liga \u00e9 complementar a forma\u00e7\u00e3o curricular em qu\u00edmica farmac\u00eautica medicinal por meio de discuss\u00e3o de artigos cient\u00edficos e resolu\u00e7\u00e3o deproblemas relacionados a [&hellip;]<\/p>\n","protected":false},"author":8,"featured_media":0,"parent":0,"menu_order":0,"comment_status":"closed","ping_status":"closed","template":"","meta":{"_acf_changed":false,"footnotes":""},"class_list":["post-113","page","type-page","status-publish","hentry"],"acf":[],"_links":{"self":[{"href":"https:\/\/graduacao.uel.br\/quimica\/wp-json\/wp\/v2\/pages\/113","targetHints":{"allow":["GET"]}}],"collection":[{"href":"https:\/\/graduacao.uel.br\/quimica\/wp-json\/wp\/v2\/pages"}],"about":[{"href":"https:\/\/graduacao.uel.br\/quimica\/wp-json\/wp\/v2\/types\/page"}],"author":[{"embeddable":true,"href":"https:\/\/graduacao.uel.br\/quimica\/wp-json\/wp\/v2\/users\/8"}],"replies":[{"embeddable":true,"href":"https:\/\/graduacao.uel.br\/quimica\/wp-json\/wp\/v2\/comments?post=113"}],"version-history":[{"count":2,"href":"https:\/\/graduacao.uel.br\/quimica\/wp-json\/wp\/v2\/pages\/113\/revisions"}],"predecessor-version":[{"id":130,"href":"https:\/\/graduacao.uel.br\/quimica\/wp-json\/wp\/v2\/pages\/113\/revisions\/130"}],"wp:attachment":[{"href":"https:\/\/graduacao.uel.br\/quimica\/wp-json\/wp\/v2\/media?parent=113"}],"curies":[{"name":"wp","href":"https:\/\/api.w.org\/{rel}","templated":true}]}}