{"id":39,"date":"2024-06-05T15:43:25","date_gmt":"2024-06-05T18:43:25","guid":{"rendered":"https:\/\/graduacao.uel.br\/quimica\/?page_id=39"},"modified":"2024-06-17T17:31:24","modified_gmt":"2024-06-17T20:31:24","slug":"o-curso","status":"publish","type":"page","link":"https:\/\/graduacao.uel.br\/quimica\/o-curso\/","title":{"rendered":"O Curso"},"content":{"rendered":"\n<p>O Curso de Qu\u00edmica (Licenciatura e Bacharelado) \u00e9 ofertado pelo Departamento de Qu\u00edmica, no Centro de Ci\u00eancias Exatas (CCE), na Universidade Estadual de Londrina (UEL).<\/p>\n\n\n\n<p>O Curso de Qu\u00edmica foi criado pela Resolu\u00e7\u00e3o 100\/72 de 25\/05\/72 e entrou em funcionamento em 16\/02\/73, sendo que na ocasi\u00e3o, a Licenciatura foi a \u00fanica habilita\u00e7\u00e3o ofertada com 20 vagas no per\u00edodo vespertino. Seu reconhecimento se deu pelo Decreto n\u00ba 81.033 de 15\/12\/77, publicado no Di\u00e1rio Oficial da Uni\u00e3o em 16\/12\/77, e transcrito \u00e0 p\u00e1gina 382 da Documenta n\u00ba 206. Em 1978, por for\u00e7a da Resolu\u00e7\u00e3o n\u00ba 30 do Minist\u00e9rio da Educa\u00e7\u00e3o e Cultura, os cursos de Licenciatura em Qu\u00edmica, F\u00edsica, Matem\u00e1tica e Biologia passaram por uma reformula\u00e7\u00e3o para atender as suas exig\u00eancias. <\/p>\n\n\n\n<p>Posteriormente, o curso de Qu\u00edmica foi novamente reformulado (Resolu\u00e7\u00e3o 523\/79-UEL) e reaberto em 1979 nas modalidades de Licenciatura e Bacharelado, sendo<br>que esta \u00faltima foi autorizada a funcionar pelo parecer n\u00ba 325\/79 do Conselho Federal de Educa\u00e7\u00e3o transcrito \u00e0 p\u00e1gina 60 da Documenta n\u00ba 220. As Resolu\u00e7\u00f5es 3.088\/96 e 3.089\/96 de 04\/12\/1996 criaram o Curso de Qu\u00edmica Integral \u2013 Habilita\u00e7\u00e3o Bacharelado (sem e com op\u00e7\u00e3o em Qu\u00edmica Tecnol\u00f3gica). <\/p>\n\n\n\n<p>Nos \u00faltimos anos o curso passou algumas reformula\u00e7\u00f5es, sendo a sendo a \u00faltima realizada em 2021 por meio da Resolu\u00e7\u00e3o CEPE\/CA n\u00ba 082\/2021, onde o curr\u00edculo de Bacharelado em Qu\u00edmica com atribui\u00e7\u00e3o Tecnol\u00f3gica foi implantado a partir do ano letivo de 2022. <\/p>\n\n\n\n<p><strong>Qu\u00edmica Bacharelado<\/strong><\/p>\n\n\n\n<p>O Qu\u00edmico atua em \u00f3rg\u00e3os p\u00fablicos, laborat\u00f3rios, centros de pesquisa, ind\u00fastrias (de produtos de higiene e limpeza, aliment\u00edcias, materiais pl\u00e1sticos, cer\u00e2micos, tintas, vernizes, aliment\u00edcia, petroqu\u00edmica, alcoolqu\u00edmica, cosm\u00e9tica, praguicida, inform\u00e1tica, etc.), empresas de comercializa\u00e7\u00e3o de produtos qu\u00edmicos e institui\u00e7\u00f5es de sa\u00fade e ensino<\/p>\n\n\n\n<p><strong>Qu\u00edmica Licenciatura<\/strong><\/p>\n\n\n\n<p>O licenciado em Qu\u00edmica pela UEL deve ter forma\u00e7\u00e3o generalista, mas s\u00f3lida e abrangente em conte\u00fados dos diversos campos da \u00e1rea e prepara\u00e7\u00e3o adequada \u00e0 aplica\u00e7\u00e3o pedag\u00f3gica do conhecimento e experi\u00eancias de Qu\u00edmica e de \u00e1reas afins para uma boa atua\u00e7\u00e3o profissional no Ensino M\u00e9dio. Pode atuar em escolas p\u00fablicas e privadas de ensino fundamental, m\u00e9dio e superior, institui\u00e7\u00f5es cient\u00edficas, de pesquisa, ind\u00fastrias ou profissionais aut\u00f4nomos<\/p>\n\n\n\n<p><\/p>\n","protected":false},"excerpt":{"rendered":"<p>O Curso de Qu\u00edmica (Licenciatura e Bacharelado) \u00e9 ofertado pelo Departamento de Qu\u00edmica, no Centro de Ci\u00eancias Exatas (CCE), na Universidade Estadual de Londrina (UEL). O Curso de Qu\u00edmica foi criado pela Resolu\u00e7\u00e3o 100\/72 de 25\/05\/72 e entrou em funcionamento em 16\/02\/73, sendo que na ocasi\u00e3o, a Licenciatura foi a \u00fanica habilita\u00e7\u00e3o ofertada com 20 [&hellip;]<\/p>\n","protected":false},"author":8,"featured_media":0,"parent":0,"menu_order":0,"comment_status":"closed","ping_status":"closed","template":"","meta":{"_acf_changed":false,"footnotes":""},"class_list":["post-39","page","type-page","status-publish","hentry"],"acf":[],"_links":{"self":[{"href":"https:\/\/graduacao.uel.br\/quimica\/wp-json\/wp\/v2\/pages\/39","targetHints":{"allow":["GET"]}}],"collection":[{"href":"https:\/\/graduacao.uel.br\/quimica\/wp-json\/wp\/v2\/pages"}],"about":[{"href":"https:\/\/graduacao.uel.br\/quimica\/wp-json\/wp\/v2\/types\/page"}],"author":[{"embeddable":true,"href":"https:\/\/graduacao.uel.br\/quimica\/wp-json\/wp\/v2\/users\/8"}],"replies":[{"embeddable":true,"href":"https:\/\/graduacao.uel.br\/quimica\/wp-json\/wp\/v2\/comments?post=39"}],"version-history":[{"count":3,"href":"https:\/\/graduacao.uel.br\/quimica\/wp-json\/wp\/v2\/pages\/39\/revisions"}],"predecessor-version":[{"id":106,"href":"https:\/\/graduacao.uel.br\/quimica\/wp-json\/wp\/v2\/pages\/39\/revisions\/106"}],"wp:attachment":[{"href":"https:\/\/graduacao.uel.br\/quimica\/wp-json\/wp\/v2\/media?parent=39"}],"curies":[{"name":"wp","href":"https:\/\/api.w.org\/{rel}","templated":true}]}}