{"id":64,"date":"2024-06-14T16:14:33","date_gmt":"2024-06-14T19:14:33","guid":{"rendered":"https:\/\/graduacao.uel.br\/quimica\/?page_id=64"},"modified":"2024-06-17T17:09:53","modified_gmt":"2024-06-17T20:09:53","slug":"contatos","status":"publish","type":"page","link":"https:\/\/graduacao.uel.br\/quimica\/contatos\/","title":{"rendered":"Contatos"},"content":{"rendered":"\n<p><strong>Coordenadora do Colegiado<\/strong><br>Diana Nara Ribeiro de Sousa<br>colqui@uel.br \/ dsousa@uel.br<\/p>\n\n\n\n<p><strong>Vice-Coordenadora do Colegiado<\/strong><br>Roberta Antigo Medeiros<br>colqui@uel.br \/ ramedeiros@uel.br<\/p>\n\n\n\n<p><strong>Coordenadora de Est\u00e1gio<\/strong><br>Mariana Gava Sagatelli<\/p>\n\n\n\n<p><strong>Coordenador de TCC<\/strong><br>Gizilene Maria de Carvalho<br>gizilene@uel.br<\/p>\n\n\n\n<p><strong>Coordenador de AAC<\/strong><br>Vitor Valerio de Souza Campos<br>valerio@uel.br<\/p>\n\n\n\n<p><strong>Coordenador de AEX<\/strong><br>Carla Cristina Perez<br>perezcc@uel.br<\/p>\n\n\n\n<p><strong>Coordenador do N\u00facleo Docente Estruturante (NDE)<\/strong><br>Fernando C\u00e9sar de Macedo J\u00fanior<br>macedofc@uel.br<\/p>\n","protected":false},"excerpt":{"rendered":"<p>Coordenadora do ColegiadoDiana Nara Ribeiro de Sousacolqui@uel.br \/ dsousa@uel.br Vice-Coordenadora do ColegiadoRoberta Antigo Medeiroscolqui@uel.br \/ ramedeiros@uel.br Coordenadora de Est\u00e1gioMariana Gava Sagatelli Coordenador de TCCGizilene Maria de Carvalhogizilene@uel.br Coordenador de AACVitor Valerio de Souza Camposvalerio@uel.br Coordenador de AEXCarla Cristina Perezperezcc@uel.br Coordenador do N\u00facleo Docente Estruturante (NDE)Fernando C\u00e9sar de Macedo J\u00faniormacedofc@uel.br<\/p>\n","protected":false},"author":8,"featured_media":0,"parent":0,"menu_order":0,"comment_status":"closed","ping_status":"closed","template":"","meta":{"_acf_changed":false,"footnotes":""},"class_list":["post-64","page","type-page","status-publish","hentry"],"acf":[],"_links":{"self":[{"href":"https:\/\/graduacao.uel.br\/quimica\/wp-json\/wp\/v2\/pages\/64","targetHints":{"allow":["GET"]}}],"collection":[{"href":"https:\/\/graduacao.uel.br\/quimica\/wp-json\/wp\/v2\/pages"}],"about":[{"href":"https:\/\/graduacao.uel.br\/quimica\/wp-json\/wp\/v2\/types\/page"}],"author":[{"embeddable":true,"href":"https:\/\/graduacao.uel.br\/quimica\/wp-json\/wp\/v2\/users\/8"}],"replies":[{"embeddable":true,"href":"https:\/\/graduacao.uel.br\/quimica\/wp-json\/wp\/v2\/comments?post=64"}],"version-history":[{"count":2,"href":"https:\/\/graduacao.uel.br\/quimica\/wp-json\/wp\/v2\/pages\/64\/revisions"}],"predecessor-version":[{"id":98,"href":"https:\/\/graduacao.uel.br\/quimica\/wp-json\/wp\/v2\/pages\/64\/revisions\/98"}],"wp:attachment":[{"href":"https:\/\/graduacao.uel.br\/quimica\/wp-json\/wp\/v2\/media?parent=64"}],"curies":[{"name":"wp","href":"https:\/\/api.w.org\/{rel}","templated":true}]}}