{"id":84,"date":"2024-06-14T16:25:08","date_gmt":"2024-06-14T19:25:08","guid":{"rendered":"https:\/\/graduacao.uel.br\/quimica\/?page_id=84"},"modified":"2024-06-17T18:01:22","modified_gmt":"2024-06-17T21:01:22","slug":"bacharelado","status":"publish","type":"page","link":"https:\/\/graduacao.uel.br\/quimica\/bacharelado\/","title":{"rendered":"Bacharelado"},"content":{"rendered":"\n<p>O Curso de Qu\u00edmica Bacharelado \u00e9 integral, com dura\u00e7\u00e3o de 4 anos.<\/p>\n\n\n\n<div data-wp-interactive=\"core\/file\" class=\"wp-block-file\"><object data-wp-bind--hidden=\"!state.hasPdfPreview\" hidden class=\"wp-block-file__embed\" data=\"https:\/\/graduacao.uel.br\/quimica\/wp-content\/uploads\/2024\/06\/quimica_bacharelado.pdf\" type=\"application\/pdf\" style=\"width:100%;height:600px\" aria-label=\"Incorporado de quimica_bacharelado.\"><\/object><a id=\"wp-block-file--media-1aa3f20a-c0aa-4b74-8271-6f009a969e5c\" href=\"https:\/\/graduacao.uel.br\/quimica\/wp-content\/uploads\/2024\/06\/quimica_bacharelado.pdf\">quimica_bacharelado<\/a><a href=\"https:\/\/graduacao.uel.br\/quimica\/wp-content\/uploads\/2024\/06\/quimica_bacharelado.pdf\" class=\"wp-block-file__button wp-element-button\" download aria-describedby=\"wp-block-file--media-1aa3f20a-c0aa-4b74-8271-6f009a969e5c\">Baixar<\/a><\/div>\n","protected":false},"excerpt":{"rendered":"<p>O Curso de Qu\u00edmica Bacharelado \u00e9 integral, com dura\u00e7\u00e3o de 4 anos.<\/p>\n","protected":false},"author":8,"featured_media":0,"parent":0,"menu_order":0,"comment_status":"closed","ping_status":"closed","template":"","meta":{"_acf_changed":false,"footnotes":""},"class_list":["post-84","page","type-page","status-publish","hentry"],"acf":[],"_links":{"self":[{"href":"https:\/\/graduacao.uel.br\/quimica\/wp-json\/wp\/v2\/pages\/84","targetHints":{"allow":["GET"]}}],"collection":[{"href":"https:\/\/graduacao.uel.br\/quimica\/wp-json\/wp\/v2\/pages"}],"about":[{"href":"https:\/\/graduacao.uel.br\/quimica\/wp-json\/wp\/v2\/types\/page"}],"author":[{"embeddable":true,"href":"https:\/\/graduacao.uel.br\/quimica\/wp-json\/wp\/v2\/users\/8"}],"replies":[{"embeddable":true,"href":"https:\/\/graduacao.uel.br\/quimica\/wp-json\/wp\/v2\/comments?post=84"}],"version-history":[{"count":2,"href":"https:\/\/graduacao.uel.br\/quimica\/wp-json\/wp\/v2\/pages\/84\/revisions"}],"predecessor-version":[{"id":125,"href":"https:\/\/graduacao.uel.br\/quimica\/wp-json\/wp\/v2\/pages\/84\/revisions\/125"}],"wp:attachment":[{"href":"https:\/\/graduacao.uel.br\/quimica\/wp-json\/wp\/v2\/media?parent=84"}],"curies":[{"name":"wp","href":"https:\/\/api.w.org\/{rel}","templated":true}]}}