{"id":87,"date":"2024-06-14T16:25:38","date_gmt":"2024-06-14T19:25:38","guid":{"rendered":"https:\/\/graduacao.uel.br\/quimica\/?page_id=87"},"modified":"2024-06-17T18:02:09","modified_gmt":"2024-06-17T21:02:09","slug":"licenciatura","status":"publish","type":"page","link":"https:\/\/graduacao.uel.br\/quimica\/licenciatura\/","title":{"rendered":"Licenciatura"},"content":{"rendered":"\n<p>O Curso de Qu\u00edmica Licenciatura \u00e9 noturno, com dura\u00e7\u00e3o de 5 anos.<\/p>\n\n\n\n<div data-wp-interactive=\"core\/file\" class=\"wp-block-file\"><object data-wp-bind--hidden=\"!state.hasPdfPreview\" hidden class=\"wp-block-file__embed\" data=\"https:\/\/graduacao.uel.br\/quimica\/wp-content\/uploads\/2024\/06\/quimica_licenciatura.pdf\" type=\"application\/pdf\" style=\"width:100%;height:600px\" aria-label=\"Incorporado de quimica_licenciatura.\"><\/object><a id=\"wp-block-file--media-1ba2b22e-7adc-4ebe-8c4d-a1adce2c446a\" href=\"https:\/\/graduacao.uel.br\/quimica\/wp-content\/uploads\/2024\/06\/quimica_licenciatura.pdf\">quimica_licenciatura<\/a><a href=\"https:\/\/graduacao.uel.br\/quimica\/wp-content\/uploads\/2024\/06\/quimica_licenciatura.pdf\" class=\"wp-block-file__button wp-element-button\" download aria-describedby=\"wp-block-file--media-1ba2b22e-7adc-4ebe-8c4d-a1adce2c446a\">Baixar<\/a><\/div>\n","protected":false},"excerpt":{"rendered":"<p>O Curso de Qu\u00edmica Licenciatura \u00e9 noturno, com dura\u00e7\u00e3o de 5 anos.<\/p>\n","protected":false},"author":8,"featured_media":0,"parent":0,"menu_order":0,"comment_status":"closed","ping_status":"closed","template":"","meta":{"_acf_changed":false,"footnotes":""},"class_list":["post-87","page","type-page","status-publish","hentry"],"acf":[],"_links":{"self":[{"href":"https:\/\/graduacao.uel.br\/quimica\/wp-json\/wp\/v2\/pages\/87","targetHints":{"allow":["GET"]}}],"collection":[{"href":"https:\/\/graduacao.uel.br\/quimica\/wp-json\/wp\/v2\/pages"}],"about":[{"href":"https:\/\/graduacao.uel.br\/quimica\/wp-json\/wp\/v2\/types\/page"}],"author":[{"embeddable":true,"href":"https:\/\/graduacao.uel.br\/quimica\/wp-json\/wp\/v2\/users\/8"}],"replies":[{"embeddable":true,"href":"https:\/\/graduacao.uel.br\/quimica\/wp-json\/wp\/v2\/comments?post=87"}],"version-history":[{"count":2,"href":"https:\/\/graduacao.uel.br\/quimica\/wp-json\/wp\/v2\/pages\/87\/revisions"}],"predecessor-version":[{"id":126,"href":"https:\/\/graduacao.uel.br\/quimica\/wp-json\/wp\/v2\/pages\/87\/revisions\/126"}],"wp:attachment":[{"href":"https:\/\/graduacao.uel.br\/quimica\/wp-json\/wp\/v2\/media?parent=87"}],"curies":[{"name":"wp","href":"https:\/\/api.w.org\/{rel}","templated":true}]}}