{"id":99,"date":"2024-06-17T17:14:24","date_gmt":"2024-06-17T20:14:24","guid":{"rendered":"https:\/\/graduacao.uel.br\/quimica\/?page_id=99"},"modified":"2024-06-17T17:14:24","modified_gmt":"2024-06-17T20:14:24","slug":"estagio","status":"publish","type":"page","link":"https:\/\/graduacao.uel.br\/quimica\/estagio\/","title":{"rendered":"Est\u00e1gio"},"content":{"rendered":"\n<p>O estudante do curso de Qu\u00edmica da UEL poder\u00e1 realizar est\u00e1gios curriculares n\u00e3o-obrigat\u00f3rios e uma carga hor\u00e1ria m\u00e1xima de 20h poder\u00e1 ser aproveitada como Atividade Acad\u00eamica Complementar (AAC).<\/p>\n\n\n\n<p><\/p>\n\n\n\n<p><\/p>\n\n\n\n<div class=\"wp-block-columns is-layout-flex wp-container-core-columns-is-layout-9d6595d7 wp-block-columns-is-layout-flex\">\n<div class=\"wp-block-column is-layout-flow wp-block-column-is-layout-flow\">\n<div class=\"wp-block-buttons is-content-justification-center is-layout-flex wp-container-core-buttons-is-layout-16018d1d wp-block-buttons-is-layout-flex\">\n<div class=\"wp-block-button\"><a class=\"wp-block-button__link has-primary-accent-background-color has-background wp-element-button\" href=\"https:\/\/sites.uel.br\/prograd\/regulamentos-estagio\/\" target=\"_blank\" rel=\"noreferrer noopener\">Regulamento Est\u00e1gio<\/a><\/div>\n<\/div>\n<\/div>\n\n\n\n<div class=\"wp-block-column is-layout-flow wp-block-column-is-layout-flow\">\n<div class=\"wp-block-buttons is-content-justification-center is-layout-flex wp-container-core-buttons-is-layout-16018d1d wp-block-buttons-is-layout-flex\">\n<div class=\"wp-block-button\"><a class=\"wp-block-button__link has-primary-accent-background-color has-background wp-element-button\" href=\"https:\/\/sites.uel.br\/prograd\/estudante\/estagios-e-intercambios\/estagios-e-intercambios-curricular-obrigatorio-uel\/\" target=\"_blank\" rel=\"noreferrer noopener\">Est\u00e1gio curricular obrigat\u00f3rio<\/a><\/div>\n<\/div>\n<\/div>\n\n\n\n<div class=\"wp-block-column is-layout-flow wp-block-column-is-layout-flow\">\n<div class=\"wp-block-buttons is-content-justification-center is-layout-flex wp-container-core-buttons-is-layout-16018d1d wp-block-buttons-is-layout-flex\">\n<div class=\"wp-block-button\"><a class=\"wp-block-button__link has-primary-accent-background-color has-background wp-element-button\" href=\"https:\/\/sites.uel.br\/prograd\/estudante\/estagios-e-intercambios\/estagios-e-intercambios-curricular-nao-obrigatorio-uel\/\" target=\"_blank\" rel=\"noreferrer noopener\">Est\u00e1gio n\u00e3o obrigat\u00f3rio<\/a><\/div>\n<\/div>\n<\/div>\n<\/div>\n\n\n\n<p><\/p>\n","protected":false},"excerpt":{"rendered":"<p>O estudante do curso de Qu\u00edmica da UEL poder\u00e1 realizar est\u00e1gios curriculares n\u00e3o-obrigat\u00f3rios e uma carga hor\u00e1ria m\u00e1xima de 20h poder\u00e1 ser aproveitada como Atividade Acad\u00eamica Complementar (AAC).<\/p>\n","protected":false},"author":8,"featured_media":0,"parent":0,"menu_order":0,"comment_status":"closed","ping_status":"closed","template":"","meta":{"_acf_changed":false,"footnotes":""},"class_list":["post-99","page","type-page","status-publish","hentry"],"acf":[],"_links":{"self":[{"href":"https:\/\/graduacao.uel.br\/quimica\/wp-json\/wp\/v2\/pages\/99","targetHints":{"allow":["GET"]}}],"collection":[{"href":"https:\/\/graduacao.uel.br\/quimica\/wp-json\/wp\/v2\/pages"}],"about":[{"href":"https:\/\/graduacao.uel.br\/quimica\/wp-json\/wp\/v2\/types\/page"}],"author":[{"embeddable":true,"href":"https:\/\/graduacao.uel.br\/quimica\/wp-json\/wp\/v2\/users\/8"}],"replies":[{"embeddable":true,"href":"https:\/\/graduacao.uel.br\/quimica\/wp-json\/wp\/v2\/comments?post=99"}],"version-history":[{"count":1,"href":"https:\/\/graduacao.uel.br\/quimica\/wp-json\/wp\/v2\/pages\/99\/revisions"}],"predecessor-version":[{"id":100,"href":"https:\/\/graduacao.uel.br\/quimica\/wp-json\/wp\/v2\/pages\/99\/revisions\/100"}],"wp:attachment":[{"href":"https:\/\/graduacao.uel.br\/quimica\/wp-json\/wp\/v2\/media?parent=99"}],"curies":[{"name":"wp","href":"https:\/\/api.w.org\/{rel}","templated":true}]}}