{"id":119,"date":"2024-06-18T11:56:26","date_gmt":"2024-06-18T14:56:26","guid":{"rendered":"https:\/\/graduacao.uel.br\/relacoes-publicas\/?page_id=119"},"modified":"2024-06-18T14:25:37","modified_gmt":"2024-06-18T17:25:37","slug":"empresa-junior","status":"publish","type":"page","link":"https:\/\/graduacao.uel.br\/relacoes-publicas\/empresa-junior\/","title":{"rendered":"Empresa J\u00fanior"},"content":{"rendered":"\n<p>A <strong>Conecte Comunica\u00e7\u00e3o<\/strong> \u00e9 a Empresa J\u00fanior do curso de Rela\u00e7\u00f5es P\u00fablicas da Universidade Estadual de Londrina. <\/p>\n\n\n\n<p>Seus servi\u00e7os oferecidos s\u00e3o: <\/p>\n\n\n\n<ul class=\"wp-block-list\">\n<li>Gest\u00e3o de m\u00eddias sociais, <\/li>\n\n\n\n<li>Mapeamento de p\u00fablicos,  <\/li>\n\n\n\n<li>Comunica\u00e7\u00e3o dirigida,<\/li>\n\n\n\n<li>Pesquisa de clima organizacional, <\/li>\n\n\n\n<li>Fortalecimento da comunica\u00e7\u00e3o interna <\/li>\n\n\n\n<li>Relacionamento com a imprensa.<\/li>\n<\/ul>\n\n\n\n<p>Para conhecer um pouco mais sobre a Conecte Comunica\u00e7\u00e3o, clique em <strong><a href=\"https:\/\/www.instagram.com\/conecteej\/\">saiba mais<\/a><\/strong>.<\/p>\n","protected":false},"excerpt":{"rendered":"<p>A Conecte Comunica\u00e7\u00e3o \u00e9 a Empresa J\u00fanior do curso de Rela\u00e7\u00f5es P\u00fablicas da Universidade Estadual de Londrina. Seus servi\u00e7os oferecidos s\u00e3o: Para conhecer um pouco mais sobre a Conecte Comunica\u00e7\u00e3o, clique em saiba mais.<\/p>\n","protected":false},"author":6,"featured_media":0,"parent":0,"menu_order":0,"comment_status":"closed","ping_status":"closed","template":"","meta":{"_acf_changed":false,"footnotes":""},"class_list":["post-119","page","type-page","status-publish","hentry"],"acf":[],"_links":{"self":[{"href":"https:\/\/graduacao.uel.br\/relacoes-publicas\/wp-json\/wp\/v2\/pages\/119","targetHints":{"allow":["GET"]}}],"collection":[{"href":"https:\/\/graduacao.uel.br\/relacoes-publicas\/wp-json\/wp\/v2\/pages"}],"about":[{"href":"https:\/\/graduacao.uel.br\/relacoes-publicas\/wp-json\/wp\/v2\/types\/page"}],"author":[{"embeddable":true,"href":"https:\/\/graduacao.uel.br\/relacoes-publicas\/wp-json\/wp\/v2\/users\/6"}],"replies":[{"embeddable":true,"href":"https:\/\/graduacao.uel.br\/relacoes-publicas\/wp-json\/wp\/v2\/comments?post=119"}],"version-history":[{"count":4,"href":"https:\/\/graduacao.uel.br\/relacoes-publicas\/wp-json\/wp\/v2\/pages\/119\/revisions"}],"predecessor-version":[{"id":128,"href":"https:\/\/graduacao.uel.br\/relacoes-publicas\/wp-json\/wp\/v2\/pages\/119\/revisions\/128"}],"wp:attachment":[{"href":"https:\/\/graduacao.uel.br\/relacoes-publicas\/wp-json\/wp\/v2\/media?parent=119"}],"curies":[{"name":"wp","href":"https:\/\/api.w.org\/{rel}","templated":true}]}}