{"id":16,"date":"2024-06-17T10:39:37","date_gmt":"2024-06-17T13:39:37","guid":{"rendered":"https:\/\/graduacao.uel.br\/relacoes-publicas\/?page_id=16"},"modified":"2024-06-17T16:07:51","modified_gmt":"2024-06-17T19:07:51","slug":"o-curso","status":"publish","type":"page","link":"https:\/\/graduacao.uel.br\/relacoes-publicas\/o-curso\/","title":{"rendered":"O curso"},"content":{"rendered":"\n<p><strong>Resolu\u00e7\u00e3o e data de cria\u00e7\u00e3o<\/strong>: Resolu\u00e7\u00e3o n. 202, de 15\/12\/1973. <\/p>\n\n\n\n<p><strong>Objetivo do curso<\/strong>: Formar profissionais com compet\u00eancia para a gest\u00e3o comunicacional interdisciplinar, esp\u00edrito empreendedor e responsabilidade \u00e9tica para investigar a realidade social, econ\u00f4mica, pol\u00edtica, cultural e ambiental, analisar e interferir cient\u00edfica e empiricamente na gest\u00e3o sustent\u00e1vel da comunica\u00e7\u00e3o organizacional. <\/p>\n\n\n\n<p><strong>Perfil do concluinte<\/strong>: Espera-se que o futuro profissional de Rela\u00e7\u00f5es P\u00fablicas tenha uma postura cr\u00edtica frente ao seu ambiente; agir com respeito constante aos princ\u00edpios democr\u00e1ticos, \u00e0s a\u00e7\u00f5es solid\u00e1rias e \u00e0 defesa dos direitos humanos. <\/p>\n\n\n\n<p>Dever\u00e1 atuar como mediador no aperfei\u00e7oamento do processo democr\u00e1tico, no desenvolvimento e na amplia\u00e7\u00e3o da pesquisa cient\u00edfica e da reflex\u00e3o sobre o papel dos meios de comunica\u00e7\u00e3o na sociedade e na explora\u00e7\u00e3o hist\u00f3rica e de novos usos das Rela\u00e7\u00f5es P\u00fablicas.<\/p>\n\n\n\n<p>O profissional de Rela\u00e7\u00f5es P\u00fablicas deve estar apto a prestar assessoramento na solu\u00e7\u00e3o de problemas institucionais e socioculturais que influam na posi\u00e7\u00e3o da entidade perante a opini\u00e3o dos p\u00fablicos por meio do gerenciamento da comunica\u00e7\u00e3o. <\/p>\n\n\n\n<p>Planejar e executar programa\u00e7\u00f5es de opini\u00e3o p\u00fablica; orientar dirigentes de organiza\u00e7\u00f5es na formula\u00e7\u00e3o de pol\u00edticas de Rela\u00e7\u00f5es P\u00fablicas; informar e orientar a opini\u00e3o p\u00fablica sobre os objetivos de uma organiza\u00e7\u00e3o; abrir canais dirigidos de comunica\u00e7\u00e3o com os p\u00fablicos; planejar e supervisionar a utiliza\u00e7\u00e3o de multim\u00eddia para fins institucionais; exercer o ensino da comunica\u00e7\u00e3o social com \u00eanfase em Rela\u00e7\u00f5es P\u00fablicas.<\/p>\n\n\n\n<p><strong>Campos de Atua\u00e7\u00e3o<\/strong>: Os profissionais de Rela\u00e7\u00f5es P\u00fablicas atuam no campo da comunica\u00e7\u00e3o empresarial, comunit\u00e1ria e governamental, planejando, executando e avaliando projetos e programas que objetivam a comunica\u00e7\u00e3o de institui\u00e7\u00f5es de diferentes ramos de atividade. Coordenam e planejam a comunica\u00e7\u00e3o das organiza\u00e7\u00f5es com seus colaboradores, com a m\u00eddia em geral, com os fornecedores, intermedi\u00e1rios, revendedores e principalmente com seus clientes\/consumidores. A profiss\u00e3o \u00e9 regulamentada pela Lei n.\u00ba 5.377, de 11.12.67 e Decreto n.\u00ba 63.283, de 26.09.68.<\/p>\n","protected":false},"excerpt":{"rendered":"<p>Resolu\u00e7\u00e3o e data de cria\u00e7\u00e3o: Resolu\u00e7\u00e3o n. 202, de 15\/12\/1973. Objetivo do curso: Formar profissionais com compet\u00eancia para a gest\u00e3o comunicacional interdisciplinar, esp\u00edrito empreendedor e responsabilidade \u00e9tica para investigar a realidade social, econ\u00f4mica, pol\u00edtica, cultural e ambiental, analisar e interferir cient\u00edfica e empiricamente na gest\u00e3o sustent\u00e1vel da comunica\u00e7\u00e3o organizacional. Perfil do concluinte: Espera-se que o [&hellip;]<\/p>\n","protected":false},"author":6,"featured_media":0,"parent":0,"menu_order":0,"comment_status":"closed","ping_status":"closed","template":"","meta":{"_acf_changed":false,"footnotes":""},"class_list":["post-16","page","type-page","status-publish","hentry"],"acf":[],"_links":{"self":[{"href":"https:\/\/graduacao.uel.br\/relacoes-publicas\/wp-json\/wp\/v2\/pages\/16","targetHints":{"allow":["GET"]}}],"collection":[{"href":"https:\/\/graduacao.uel.br\/relacoes-publicas\/wp-json\/wp\/v2\/pages"}],"about":[{"href":"https:\/\/graduacao.uel.br\/relacoes-publicas\/wp-json\/wp\/v2\/types\/page"}],"author":[{"embeddable":true,"href":"https:\/\/graduacao.uel.br\/relacoes-publicas\/wp-json\/wp\/v2\/users\/6"}],"replies":[{"embeddable":true,"href":"https:\/\/graduacao.uel.br\/relacoes-publicas\/wp-json\/wp\/v2\/comments?post=16"}],"version-history":[{"count":4,"href":"https:\/\/graduacao.uel.br\/relacoes-publicas\/wp-json\/wp\/v2\/pages\/16\/revisions"}],"predecessor-version":[{"id":53,"href":"https:\/\/graduacao.uel.br\/relacoes-publicas\/wp-json\/wp\/v2\/pages\/16\/revisions\/53"}],"wp:attachment":[{"href":"https:\/\/graduacao.uel.br\/relacoes-publicas\/wp-json\/wp\/v2\/media?parent=16"}],"curies":[{"name":"wp","href":"https:\/\/api.w.org\/{rel}","templated":true}]}}