{"id":25,"date":"2024-06-17T10:42:32","date_gmt":"2024-06-17T13:42:32","guid":{"rendered":"https:\/\/graduacao.uel.br\/relacoes-publicas\/?page_id=25"},"modified":"2024-06-18T16:48:45","modified_gmt":"2024-06-18T19:48:45","slug":"eventos","status":"publish","type":"page","link":"https:\/\/graduacao.uel.br\/relacoes-publicas\/eventos\/","title":{"rendered":"Eventos"},"content":{"rendered":"\n<p>Conhe\u00e7a os eventos na \u00e1rea de Rela\u00e7\u00f5es P\u00fablicas que est\u00e3o acontecendo e os que est\u00e3o para acontecer na UEL:<\/p>\n\n\n\n<div class=\"wp-block-pb-accordion-item c-accordion__item js-accordion-item no-js\" data-initially-open=\"false\" data-click-to-close=\"true\" data-auto-close=\"true\" data-scroll=\"false\" data-scroll-offset=\"0\"><h2 id=\"at-250\" class=\"c-accordion__title js-accordion-controller\" role=\"button\">2024<\/h2><div id=\"ac-250\" class=\"c-accordion__content\">\n<p><strong>RELA\u00c7\u00d5ES P\u00daBLICAS: 50 ANOS<\/strong><\/p>\n\n\n\n<p>Trajet\u00f3rias de Ouro &#8211; Abertura da Jornada de Rela\u00e7\u00f5es P\u00fablicas<\/p>\n\n\n\n<p>Data: 06 de Maio de 2024 &#8211; 19:00 horas<\/p>\n\n\n\n<p>Local: Anfiteatro do CESA\/UEL<\/p>\n\n\n\n<p>Mais informa\u00e7\u00f5es clique em <strong><a href=\"https:\/\/www.folhadelondrina.com.br\/folha-mais\/meio-seculo-de-relacoes-publicas-na-uel-3250379e.html?d=1\">saiba mais<\/a><\/strong>.<\/p>\n<\/div><\/div>\n\n\n\n<div class=\"wp-block-columns is-layout-flex wp-container-core-columns-is-layout-9d6595d7 wp-block-columns-is-layout-flex\">\n<div class=\"wp-block-column is-layout-flow wp-block-column-is-layout-flow\"><\/div>\n<\/div>\n\n\n\n<div class=\"wp-block-columns is-layout-flex wp-container-core-columns-is-layout-9d6595d7 wp-block-columns-is-layout-flex\">\n<div class=\"wp-block-column is-layout-flow wp-block-column-is-layout-flow\"><\/div>\n<\/div>\n\n\n\n<p class=\"has-primary-accent-color has-text-color has-link-color has-medium-font-size wp-elements-836f02c6bff3a3e4fe6e7cca18a89125\"><strong>Eventos diversos na UEL:<\/strong><\/p>\n\n\n\n                <div class=\"feed-noticias-perobal alm-listing alm-ajax alm-has-transition\" id=\"feed-noticias-perobal-evento\"><a class=\"noticia-feed d-flex flex-column flex-md-row align-items-start\" href=\"https:\/\/operobal.uel.br\/ultimas\/2026\/05\/08\/novos-professores-da-uel-tomam-posse-em-cerimonia-no-ccb\/\">\n                                                    <img decoding=\"async\" class=\"lazy entered loaded\" src=\"https:\/\/operobal.uel.br\/wp-content\/uploads\/2026\/05\/Carimonia-Posse-Cred.-Maycon-Rocha-87.jpg\"\/>    \n                                                    <article class=\"ml-0 ml-md-4 corpo-noticia-feed\">\n                                                        <p class=\"antetitulo mb-0\">Efetivos<\/p>\n                                                        <p class=\"titulo mb-2\">Novos professores da UEL tomam posse em cerim\u00f4nia no CCB<\/p>\n                                                        <p class=\"descricao\">Professores entram em exerc\u00edcio em no m\u00e1ximo 60 dias. Previs\u00e3o publica\u00e7\u00e3o de edital para um novo concurso no final do segundo semestre.<\/p>\n                                                    <\/article>\n                                                <\/a><hr class=\"mt-4 mb-4 d-none d-md-block\"><a class=\"noticia-feed d-flex flex-column flex-md-row align-items-start\" href=\"https:\/\/operobal.uel.br\/casa-de-cultura\/2026\/05\/07\/empresa-junior-de-artes-cenicas-realiza-mostra-de-teatro-e-circo-na-dac\/\">\n                                                    <img decoding=\"async\" class=\"lazy entered loaded\" src=\"https:\/\/operobal.uel.br\/wp-content\/uploads\/2026\/05\/20-Mostra-Circo-e-Teatro.jpeg\"\/>    \n                                                    <article class=\"ml-0 ml-md-4 corpo-noticia-feed\">\n                                                        <p class=\"antetitulo mb-0\">Cultura<\/p>\n                                                        <p class=\"titulo mb-2\">Empresa  J\u00fanior de Artes C\u00eanicas realiza Mostra de Teatro e Circo na DAC<\/p>\n                                                        <p class=\"descricao\">Evento acontece de 15 a 17 de maio, com entrada gratuita. Al\u00e9m dos, espet\u00e1culos, discotecagens e a estreia de um minidocument\u00e1rio.<\/p>\n                                                    <\/article>\n                                                <\/a><hr class=\"mt-4 mb-4 d-none d-md-block\"><a class=\"noticia-feed d-flex flex-column flex-md-row align-items-start\" href=\"https:\/\/operobal.uel.br\/hospital-universitario\/2026\/05\/04\/4o-semana-integrada-de-enfermagem-abre-inscricoes\/\">\n                                                    <img decoding=\"async\" class=\"lazy entered loaded\" src=\"https:\/\/operobal.uel.br\/wp-content\/uploads\/2025\/11\/pronto-socorro-hu.jpg\"\/>    \n                                                    <article class=\"ml-0 ml-md-4 corpo-noticia-feed\">\n                                                        <p class=\"antetitulo mb-0\">Sa\u00fade<\/p>\n                                                        <p class=\"titulo mb-2\">4\u00ba Semana Integrada de Enfermagem abre inscri\u00e7\u00f5es<\/p>\n                                                        <p class=\"descricao\">O evento busca promover a reflex\u00e3o cr\u00edtica sobre a pr\u00e1tica profissional da Enfermagem.<\/p>\n                                                    <\/article>\n                                                <\/a><hr class=\"mt-4 mb-4 d-none d-md-block\"><a class=\"noticia-feed d-flex flex-column flex-md-row align-items-start\" href=\"https:\/\/operobal.uel.br\/sociedade\/2026\/04\/23\/com-protagonismo-da-uel-fazendinha-encerra-edicao-2026-como-espaco-de-extensao-inovacao-e-formacao\/\">\n                                                    <img decoding=\"async\" class=\"lazy entered loaded\" src=\"https:\/\/operobal.uel.br\/wp-content\/uploads\/2026\/04\/FOTOS-MURILO-2-scaled.jpg\"\/>    \n                                                    <article class=\"ml-0 ml-md-4 corpo-noticia-feed\">\n                                                        <p class=\"antetitulo mb-0\">Avalia\u00e7\u00e3o<\/p>\n                                                        <p class=\"titulo mb-2\">Com protagonismo da UEL, Fazendinha encerra edi\u00e7\u00e3o 2026 como espa\u00e7o de extens\u00e3o, inova\u00e7\u00e3o e forma\u00e7\u00e3o<\/p>\n                                                        <p class=\"descricao\">Milhares de visitantes passaram pelo espa\u00e7o coordenado pela Universidade e pelo IDR-PR durante a ExpoLondrina 2026. <\/p>\n                                                    <\/article>\n                                                <\/a><hr class=\"mt-4 mb-4 d-none d-md-block\"><a class=\"noticia-feed d-flex flex-column flex-md-row align-items-start\" href=\"https:\/\/operobal.uel.br\/comunidade\/2026\/04\/10\/uel-celebra-a-presenca-indigena-com-eventos-dedicados-aos-saberes-tradicionais-artes-ciencia-e-conscientizacao\/\">\n                                                    <img decoding=\"async\" class=\"lazy entered loaded\" src=\"https:\/\/operobal.uel.br\/wp-content\/uploads\/2026\/04\/f29222ea-5d93-4d19-9084-d06cca1adad6.jpeg\"\/>    \n                                                    <article class=\"ml-0 ml-md-4 corpo-noticia-feed\">\n                                                        <p class=\"antetitulo mb-0\">Abril Ind\u00edgena<\/p>\n                                                        <p class=\"titulo mb-2\">UEL celebra presen\u00e7a ind\u00edgena com eventos dedicados aos saberes tradicionais, artes e ci\u00eancia<\/p>\n                                                        <p class=\"descricao\">O evento recorrente aproveita o m\u00eas do Dia dos Povos Ind\u00edgenas para celebrar a presen\u00e7a dos povos origin\u00e1rios na UEL.<\/p>\n                                                    <\/article>\n                                                <\/a><\/div><button id=\"feed-noticias-perobal-load-moreevento\" type=\"button\" class=\"feed-noticias-button\" data-endpoint=\"https:\/\/operobal.uel.br\/wp-json\/wp-perobal\/v1\/posts\/tags\/evento?numberposts=50\" data-ppp=\"5\" data-pages=\"5\">Leia mais<\/button>","protected":false},"excerpt":{"rendered":"<p>Conhe\u00e7a os eventos na \u00e1rea de Rela\u00e7\u00f5es P\u00fablicas que est\u00e3o acontecendo e os que est\u00e3o para acontecer na UEL: Eventos diversos na UEL:<\/p>\n","protected":false},"author":6,"featured_media":0,"parent":0,"menu_order":0,"comment_status":"closed","ping_status":"closed","template":"","meta":{"_acf_changed":false,"footnotes":""},"class_list":["post-25","page","type-page","status-publish","hentry"],"acf":[],"_links":{"self":[{"href":"https:\/\/graduacao.uel.br\/relacoes-publicas\/wp-json\/wp\/v2\/pages\/25","targetHints":{"allow":["GET"]}}],"collection":[{"href":"https:\/\/graduacao.uel.br\/relacoes-publicas\/wp-json\/wp\/v2\/pages"}],"about":[{"href":"https:\/\/graduacao.uel.br\/relacoes-publicas\/wp-json\/wp\/v2\/types\/page"}],"author":[{"embeddable":true,"href":"https:\/\/graduacao.uel.br\/relacoes-publicas\/wp-json\/wp\/v2\/users\/6"}],"replies":[{"embeddable":true,"href":"https:\/\/graduacao.uel.br\/relacoes-publicas\/wp-json\/wp\/v2\/comments?post=25"}],"version-history":[{"count":7,"href":"https:\/\/graduacao.uel.br\/relacoes-publicas\/wp-json\/wp\/v2\/pages\/25\/revisions"}],"predecessor-version":[{"id":165,"href":"https:\/\/graduacao.uel.br\/relacoes-publicas\/wp-json\/wp\/v2\/pages\/25\/revisions\/165"}],"wp:attachment":[{"href":"https:\/\/graduacao.uel.br\/relacoes-publicas\/wp-json\/wp\/v2\/media?parent=25"}],"curies":[{"name":"wp","href":"https:\/\/api.w.org\/{rel}","templated":true}]}}