{"id":35,"date":"2024-06-17T10:44:51","date_gmt":"2024-06-17T13:44:51","guid":{"rendered":"https:\/\/graduacao.uel.br\/relacoes-publicas\/?page_id=35"},"modified":"2024-06-18T09:56:57","modified_gmt":"2024-06-18T12:56:57","slug":"projeto-pedagogico-ppc","status":"publish","type":"page","link":"https:\/\/graduacao.uel.br\/relacoes-publicas\/projeto-pedagogico-ppc\/","title":{"rendered":"Projeto Pedag\u00f3gico (PPC)"},"content":{"rendered":"\n<p>O Curso de Rela\u00e7\u00f5es P\u00fablicas figura entre os cursos de maior procura na \u00e1rea de Ci\u00eancias Humanas no vestibular e a demanda de alunos prov\u00e9m de diversos estados, principalmente do Paran\u00e1, S\u00e3o Paulo e Mato Grosso. <\/p>\n\n\n\n<p>Como destaque, vale ressaltar que o curso recebe alunos estrangeiros por via de interc\u00e2mbios acad\u00e9micos. No ano 2014, o Curso de Rela\u00e7\u00f5es P\u00fablicas comemorou 40 anos de sua implanta\u00e7\u00e3o. <\/p>\n\n\n\n<p>Por iniciativa do NDE (N\u00facleo Docente Estruturante) e Colegiado do curso de Rela\u00e7\u00f5es P\u00fablicas, realizou-se um F\u00f3rum de discuss\u00e3o com objetivo de apresentar resultados preliminares da estrutura\u00e7\u00e3o do PPC para o qual foram convidados todos os docentes participantes do curso de Rela\u00e7\u00f5es P\u00fablicas, os respectivos estudantes, chefias de departamento, coordena\u00e7\u00f5es de colegiado e dire\u00e7\u00e3o do CECA. As contribui\u00e7\u00f5es trazidas pelos participantes do F\u00f3rum foram valiosas e acolhidas pelos membros do NDE na elabora\u00e7\u00e3o do PPC final.<\/p>\n\n\n\n<p>Ap\u00f3s esse processo de reformula\u00e7\u00e3o iniciado em 2014, no ano de 2016 foi implementado o curr\u00edculo atual e, com ele algumas mudan\u00e7as significativas e que impactam a hist\u00f3ria mais recente do curso, como os est\u00e1gios obrigat\u00f3rios e a atualiza\u00e7\u00e3o\/moderniza\u00e7\u00e3o de conte\u00fados e ementas.<\/p>\n\n\n\n<p>De forma circunscrita a essa transforma\u00e7\u00e3o social, o mercado de trabalho tamb\u00e9m mudou e est\u00e1 em mudan\u00e7a. Diversos processos organizacionais, incluindo aqui a comunica\u00e7\u00e3o, foram amplamente digitalizados\/virtualizados e isso demanda novos conhecimentos t\u00e9cnicos. <\/p>\n\n\n\n<p>Al\u00e9m do aspecto interno do trabalho, o pr\u00f3prio mercado em si apresentou mudan\u00e7as significativas na din\u00e2mica de contrata\u00e7\u00e3o e espa\u00e7o de desenvolvimento de atividades, com o aumento dos &#8220;home offices&#8221;, contrata\u00e7\u00f5es a dist\u00e2ncia e automatiza\u00e7\u00f5es de diversas ordens. <\/p>\n\n\n\n<p>As redes sociais, em especial, parecem ter tido grande impacto no mercado de Rela\u00e7\u00f5es P\u00fablicas. No in\u00edcio do ano letivo de 2020, mais precisamente em mar\u00e7o, aconteceu a Pandemia de Covid19 e, tal fato, trouxe consequ\u00eancias importantes para a gradua\u00e7\u00e3o em Rela\u00e7\u00f5es P\u00fablicas da UEL e, de forma mais ampla, para todas as institui\u00e7\u00f5es de ensino. <\/p>\n\n\n\n<p>Com a suspens\u00e3o das aulas presenciais, o curso passou a ser regido por um PEMC &#8211; Plano Emergencial de Matriz Curricular que, entre outras informa\u00e7\u00f5es e diretivas, organizou a condu\u00e7\u00e3o das atividades de forma remota e em ambientes virtuais de aprendizagem. Foi um momento hist\u00f3rico de desafios e muitas cr\u00edticas a todos os atares do processo, pela inexperi\u00eancia em tal situa\u00e7\u00e3o e pelo abatimento psicol\u00f3gico de todos os envolvidos.<\/p>\n\n\n\n<p>Ainda que desafiador, esse momento reservou aprendizados e perdurou at\u00e9 meados do ano letivo de 2022. Ap\u00f3s a reformula\u00e7\u00e3o do Projeto Pedag\u00f3gico motivada pela publica\u00e7\u00e3o das novas Diretrizes Curriculares Nacionais do curso de gradua\u00e7\u00e3o em Rela\u00e7\u00f5es P\u00fablicas, em 2021 o curso de Rela\u00e7\u00f5es P\u00fablicas passou por um processo de renova\u00e7\u00e3o do reconhecimento de funcionamento pela Portaria Estadual n. 96 de 15\/07\/2021, conferindo ao concluinte do curso o grau de Bacharel em Rela\u00e7\u00f5es P\u00fablicas, obtendo nota m\u00e1xima (5) no processo.<br><\/p>\n\n\n\n<div class=\"wp-block-buttons is-content-justification-center is-layout-flex wp-container-core-buttons-is-layout-16018d1d wp-block-buttons-is-layout-flex\">\n<div class=\"wp-block-button\"><a class=\"wp-block-button__link has-primary-accent-background-color has-background wp-element-button\" href=\"https:\/\/sites.uel.br\/prograd\/graduacao\/projetos-pedagogicos\/projetos-pedagogicos-relacoes-publicas\/\">Resolu\u00e7\u00f5es e Delibera\u00e7\u00f5es<\/a><\/div>\n<\/div>\n\n\n\n<div class=\"wp-block-pb-accordion-item c-accordion__item js-accordion-item no-js\" data-initially-open=\"false\" data-click-to-close=\"true\" data-auto-close=\"true\" data-scroll=\"false\" data-scroll-offset=\"0\"><h6 id=\"at-350\" class=\"c-accordion__title js-accordion-controller\" role=\"button\"><strong>DEPARTAMENTO<\/strong><\/h6><div id=\"ac-350\" class=\"c-accordion__content\">\n<p>O Departamento, subunidade dos Centros de Estudos, constitui-se na menor estrutura de organiza\u00e7\u00e3o administrativa, did\u00e1tico cient\u00edfica e de lota\u00e7\u00e3o de pessoal.<br>No Departamento s\u00e3o reunidas atividades acad\u00eamicas afins e nele est\u00e3o integrados docentes e t\u00e9cnico administrativos para objetivos comuns. (Art. 122 do Regimento Geral da UEL).<\/p>\n<\/div><\/div>\n\n\n\n<div class=\"wp-block-pb-accordion-item c-accordion__item js-accordion-item no-js\" data-initially-open=\"false\" data-click-to-close=\"true\" data-auto-close=\"true\" data-scroll=\"false\" data-scroll-offset=\"0\"><h6 id=\"at-351\" class=\"c-accordion__title js-accordion-controller\" role=\"button\"><strong>COLEGIADO<\/strong><\/h6><div id=\"ac-351\" class=\"c-accordion__content\">\n<p>Os Colegiados de cursos de gradua\u00e7\u00e3o exercem a coordena\u00e7\u00e3o pedag\u00f3gica dos cursos e ser\u00e3o constitu\u00eddos por representantes docentes da \u00e1rea principal de conhecimento e da \u00e1rea b\u00e1sica e\/ou complementar de conhecimento, estudantes e servidores, na forma prevista nos \u00a72\u00ba e \u00a73\u00ba do Art. 27 do Estatuto da Universidade. (Art. alterado atrav\u00e9s da Resolu\u00e7\u00e3o CU 168\/2007).<\/p>\n<\/div><\/div>\n\n\n\n<div class=\"wp-block-pb-accordion-item c-accordion__item js-accordion-item no-js\" data-initially-open=\"false\" data-click-to-close=\"true\" data-auto-close=\"true\" data-scroll=\"false\" data-scroll-offset=\"0\"><h6 id=\"at-352\" class=\"c-accordion__title js-accordion-controller\" role=\"button\"><strong>N\u00daCLEO DOCENTE ESTRUTURANTE (NDE)<\/strong><\/h6><div id=\"ac-352\" class=\"c-accordion__content\">\n<p>O NDE institui-se como parte da estrutura de gest\u00e3o acad\u00eamica do curso com atribui\u00e7\u00f5es consultivas, propositivas e de assessoria, acerca de mat\u00e9rias de natureza acad\u00eamica e pedag\u00f3gica, sendo correspons\u00e1vel pela elabora\u00e7\u00e3o, implementa\u00e7\u00e3o e consolida\u00e7\u00e3o do Projeto Pedag\u00f3gico do Curso (PPC), al\u00e9m de zelar pelo cumprimento das Diretrizes Curriculares Nacionais (DCNs). Tem como objetivos:<\/p>\n\n\n\n<p>1 \u2013 Levantar dificuldades na atua\u00e7\u00e3o do corpo docente do Curso;<\/p>\n\n\n\n<p>2 \u2013 Auxiliar na elabora\u00e7\u00e3o e no acompanhamento do PPC;<\/p>\n\n\n\n<p>3 \u2013 Propor programas ou outras formas de capacita\u00e7\u00e3o docente;<\/p>\n\n\n\n<p>4 \u2013 Acompanhar as avalia\u00e7\u00f5es do Curso definidas pelo Colegiado;<\/p>\n\n\n\n<p>5 \u2013 Analisar e propor modifica\u00e7\u00f5es, quando necess\u00e1rias;<\/p>\n\n\n\n<p>6 \u2013 Indicar formas de incentivo ao desenvolvimento de atividades de pesquisa;<\/p>\n\n\n\n<p>7 \u2013 Contribuir para a concretiza\u00e7\u00e3o do perfil profissional;<\/p>\n\n\n\n<p>8 \u2013 Zelar pelo cumprimento das DCNs aplic\u00e1veis ao Curso de Rela\u00e7\u00f5es P\u00fablicas.<\/p>\n<\/div><\/div>\n","protected":false},"excerpt":{"rendered":"<p>O Curso de Rela\u00e7\u00f5es P\u00fablicas figura entre os cursos de maior procura na \u00e1rea de Ci\u00eancias Humanas no vestibular e a demanda de alunos prov\u00e9m de diversos estados, principalmente do Paran\u00e1, S\u00e3o Paulo e Mato Grosso. Como destaque, vale ressaltar que o curso recebe alunos estrangeiros por via de interc\u00e2mbios acad\u00e9micos. No ano 2014, o [&hellip;]<\/p>\n","protected":false},"author":6,"featured_media":0,"parent":0,"menu_order":0,"comment_status":"closed","ping_status":"closed","template":"","meta":{"_acf_changed":false,"footnotes":""},"class_list":["post-35","page","type-page","status-publish","hentry"],"acf":[],"_links":{"self":[{"href":"https:\/\/graduacao.uel.br\/relacoes-publicas\/wp-json\/wp\/v2\/pages\/35","targetHints":{"allow":["GET"]}}],"collection":[{"href":"https:\/\/graduacao.uel.br\/relacoes-publicas\/wp-json\/wp\/v2\/pages"}],"about":[{"href":"https:\/\/graduacao.uel.br\/relacoes-publicas\/wp-json\/wp\/v2\/types\/page"}],"author":[{"embeddable":true,"href":"https:\/\/graduacao.uel.br\/relacoes-publicas\/wp-json\/wp\/v2\/users\/6"}],"replies":[{"embeddable":true,"href":"https:\/\/graduacao.uel.br\/relacoes-publicas\/wp-json\/wp\/v2\/comments?post=35"}],"version-history":[{"count":10,"href":"https:\/\/graduacao.uel.br\/relacoes-publicas\/wp-json\/wp\/v2\/pages\/35\/revisions"}],"predecessor-version":[{"id":74,"href":"https:\/\/graduacao.uel.br\/relacoes-publicas\/wp-json\/wp\/v2\/pages\/35\/revisions\/74"}],"wp:attachment":[{"href":"https:\/\/graduacao.uel.br\/relacoes-publicas\/wp-json\/wp\/v2\/media?parent=35"}],"curies":[{"name":"wp","href":"https:\/\/api.w.org\/{rel}","templated":true}]}}