{"id":94,"date":"2024-06-18T11:02:36","date_gmt":"2024-06-18T14:02:36","guid":{"rendered":"https:\/\/graduacao.uel.br\/relacoes-publicas\/?page_id=94"},"modified":"2024-06-18T11:06:09","modified_gmt":"2024-06-18T14:06:09","slug":"tcc","status":"publish","type":"page","link":"https:\/\/graduacao.uel.br\/relacoes-publicas\/tcc\/","title":{"rendered":"TCC"},"content":{"rendered":"\n<p>O Regulamento do Trabalho de Conclus\u00e3o do Curso (TCC), do Curso de Rela\u00e7\u00f5es P\u00fablicas da Universidade Estadual de Londrina, \u00e9 atividade essencial e obrigat\u00f3ria para a obten\u00e7\u00e3o do t\u00edtulo de Bacharel em Rela\u00e7\u00f5es P\u00fablicas pela Universidade Estadual de Londrina.<\/p>\n\n\n\n<p>O TCC \u00e9 um trabalho de natureza monogr\u00e1fica, t\u00e9cnica e cient\u00edfica, com defesa oral e p\u00fablica, elaborado individualmente pelo estudante devidamente matriculado na atividade acad\u00eamica especial de Trabalho de Conclus\u00e3o de Curso, podendo ser iniciado quando o estudante atingir 65% da carga hor\u00e1ria total do curso.<\/p>\n\n\n\n<p>O TCC consiste em uma pesquisa individual orientada, relatada sob a forma de monografia escrita, em uma das linhas de pesquisa do Colegiado de Rela\u00e7\u00f5es P\u00fablicas.<\/p>\n\n\n\n<div class=\"wp-block-buttons is-content-justification-center is-layout-flex wp-container-core-buttons-is-layout-16018d1d wp-block-buttons-is-layout-flex\">\n<div class=\"wp-block-button\"><a class=\"wp-block-button__link has-primary-accent-background-color has-background wp-element-button\" href=\"https:\/\/sites.uel.br\/prograd\/wp-content\/uploads\/documentos\/deliberacoes\/2019\/deliberacao_15_19.pdf\">Delibera\u00e7\u00e3o<\/a><\/div>\n<\/div>\n","protected":false},"excerpt":{"rendered":"<p>O Regulamento do Trabalho de Conclus\u00e3o do Curso (TCC), do Curso de Rela\u00e7\u00f5es P\u00fablicas da Universidade Estadual de Londrina, \u00e9 atividade essencial e obrigat\u00f3ria para a obten\u00e7\u00e3o do t\u00edtulo de Bacharel em Rela\u00e7\u00f5es P\u00fablicas pela Universidade Estadual de Londrina. O TCC \u00e9 um trabalho de natureza monogr\u00e1fica, t\u00e9cnica e cient\u00edfica, com defesa oral e p\u00fablica, [&hellip;]<\/p>\n","protected":false},"author":6,"featured_media":0,"parent":0,"menu_order":0,"comment_status":"closed","ping_status":"closed","template":"","meta":{"_acf_changed":false,"footnotes":""},"class_list":["post-94","page","type-page","status-publish","hentry"],"acf":[],"_links":{"self":[{"href":"https:\/\/graduacao.uel.br\/relacoes-publicas\/wp-json\/wp\/v2\/pages\/94","targetHints":{"allow":["GET"]}}],"collection":[{"href":"https:\/\/graduacao.uel.br\/relacoes-publicas\/wp-json\/wp\/v2\/pages"}],"about":[{"href":"https:\/\/graduacao.uel.br\/relacoes-publicas\/wp-json\/wp\/v2\/types\/page"}],"author":[{"embeddable":true,"href":"https:\/\/graduacao.uel.br\/relacoes-publicas\/wp-json\/wp\/v2\/users\/6"}],"replies":[{"embeddable":true,"href":"https:\/\/graduacao.uel.br\/relacoes-publicas\/wp-json\/wp\/v2\/comments?post=94"}],"version-history":[{"count":2,"href":"https:\/\/graduacao.uel.br\/relacoes-publicas\/wp-json\/wp\/v2\/pages\/94\/revisions"}],"predecessor-version":[{"id":97,"href":"https:\/\/graduacao.uel.br\/relacoes-publicas\/wp-json\/wp\/v2\/pages\/94\/revisions\/97"}],"wp:attachment":[{"href":"https:\/\/graduacao.uel.br\/relacoes-publicas\/wp-json\/wp\/v2\/media?parent=94"}],"curies":[{"name":"wp","href":"https:\/\/api.w.org\/{rel}","templated":true}]}}