{"id":13,"date":"2024-07-03T20:19:48","date_gmt":"2024-07-03T23:19:48","guid":{"rendered":"https:\/\/graduacao.uel.br\/servico-social\/?page_id=13"},"modified":"2024-07-03T20:19:48","modified_gmt":"2024-07-03T23:19:48","slug":"infraestrutura","status":"publish","type":"page","link":"https:\/\/graduacao.uel.br\/servico-social\/infraestrutura\/","title":{"rendered":"Infraestrutura"},"content":{"rendered":"\n<p>O curso de Servi\u00e7o Social da UEL faz parte da estrutura administrativa e f\u00edsica do Centro de Estudos Sociais Aplicados (CESA). Al\u00e9m de salas de aulas, o curso se utiliza de laborat\u00f3rios e bibliotecas para as atividades acad\u00eamicas.<\/p>\n\n\n\n<iframe src=\"https:\/\/www.google.com\/maps\/embed?pb=!1m14!1m8!1m3!1d14654.833110715641!2d-51.2046678!3d-23.3263409!3m2!1i1024!2i768!4f13.1!3m3!1m2!1s0x94eb5c9e6edb06cb%3A0xad650f515f9a4cd2!2sCESA%20-%20Centro%20de%20Estudos%20Sociais%20Aplicados!5e0!3m2!1spt-BR!2sbr!4v1720048624996!5m2!1spt-BR!2sbr\" width=\"1200\" height=\"600\" style=\"border:0;\" allowfullscreen=\"\" loading=\"lazy\" referrerpolicy=\"no-referrer-when-downgrade\"><\/iframe>\n","protected":false},"excerpt":{"rendered":"<p>O curso de Servi\u00e7o Social da UEL faz parte da estrutura administrativa e f\u00edsica do Centro de Estudos Sociais Aplicados (CESA). Al\u00e9m de salas de aulas, o curso se utiliza de laborat\u00f3rios e bibliotecas para as atividades acad\u00eamicas.<\/p>\n","protected":false},"author":8,"featured_media":0,"parent":0,"menu_order":0,"comment_status":"closed","ping_status":"closed","template":"","meta":{"_acf_changed":false,"footnotes":""},"class_list":["post-13","page","type-page","status-publish","hentry"],"acf":[],"_links":{"self":[{"href":"https:\/\/graduacao.uel.br\/servico-social\/wp-json\/wp\/v2\/pages\/13","targetHints":{"allow":["GET"]}}],"collection":[{"href":"https:\/\/graduacao.uel.br\/servico-social\/wp-json\/wp\/v2\/pages"}],"about":[{"href":"https:\/\/graduacao.uel.br\/servico-social\/wp-json\/wp\/v2\/types\/page"}],"author":[{"embeddable":true,"href":"https:\/\/graduacao.uel.br\/servico-social\/wp-json\/wp\/v2\/users\/8"}],"replies":[{"embeddable":true,"href":"https:\/\/graduacao.uel.br\/servico-social\/wp-json\/wp\/v2\/comments?post=13"}],"version-history":[{"count":1,"href":"https:\/\/graduacao.uel.br\/servico-social\/wp-json\/wp\/v2\/pages\/13\/revisions"}],"predecessor-version":[{"id":14,"href":"https:\/\/graduacao.uel.br\/servico-social\/wp-json\/wp\/v2\/pages\/13\/revisions\/14"}],"wp:attachment":[{"href":"https:\/\/graduacao.uel.br\/servico-social\/wp-json\/wp\/v2\/media?parent=13"}],"curies":[{"name":"wp","href":"https:\/\/api.w.org\/{rel}","templated":true}]}}