{"id":24,"date":"2024-07-03T20:37:56","date_gmt":"2024-07-03T23:37:56","guid":{"rendered":"https:\/\/graduacao.uel.br\/servico-social\/?page_id=24"},"modified":"2024-07-08T21:12:10","modified_gmt":"2024-07-09T00:12:10","slug":"o-curso","status":"publish","type":"page","link":"https:\/\/graduacao.uel.br\/servico-social\/o-curso\/","title":{"rendered":"O Curso"},"content":{"rendered":"\n<p>O Curso de Servi\u00e7o Social da UEL foi\u00a0criado em 1972, por iniciativa de um grupo de Assistentes Sociais que atuavam em algumas institui\u00e7\u00f5es de Londrina e que, dada a crescente urbaniza\u00e7\u00e3o do munic\u00edpio e da regi\u00e3o, anteviram a necessidade da cria\u00e7\u00e3o desse curso para atender a maior demanda por servi\u00e7os sociais que o desenvolvimento regional colocava. <\/p>\n\n\n\n<p>Atualmente, o Curso de Servi\u00e7o Social da UEL se estrutura em torno do Colegiado de Curso de Servi\u00e7o Social, a quem compete a coordena\u00e7\u00e3o did\u00e1tico-pedag\u00f3gica do Curso e ao Departamento de Servi\u00e7o Social, a quem compete a organiza\u00e7\u00e3o administrativa. <\/p>\n\n\n\n<p>Ministram aulas no Curso docentes dos Departamentos de Direito Privado, Filosofia, Matem\u00e1tica Aplicada, Psicologia Social, Ci\u00eancias Sociais, Economia e Comunica\u00e7\u00e3o, al\u00e9m dos docentes do Departamento de Servi\u00e7o Social. <\/p>\n\n\n\n<p>O Curr\u00edculo do Curso compreende disciplinas Profissionalizantes (espec\u00edficas da profiss\u00e3o) e B\u00e1sicas (de outras \u00e1reas que contribuem para foma\u00e7\u00e3o profissional).<\/p>\n\n\n\n<p><strong>Objetivo do Curso<\/strong><br>O Curso de Servi\u00e7o Social pretende formar assistentes sociais capazes de intervir e construir conhecimentos numa perspectiva cr\u00edtico-cient\u00edfica, considerando as demandas decorrentes da din\u00e2mica da sociedade, do Estado e do pr\u00f3prio Servi\u00e7o Social.\u00a0<\/p>\n\n\n\n<p><strong>Campos de Atua\u00e7\u00e3o<\/strong><br>O profissional graduado em Servi\u00e7o Social pode atuar em empresas p\u00fablicas e privadas, organismos comunit\u00e1rios, organiza\u00e7\u00f5es n\u00e3o governamentais. A profiss\u00e3o \u00e9 regulamentada pela Lei n.\u00ba 8.662, de 07.06.93.<\/p>\n","protected":false},"excerpt":{"rendered":"<p>O Curso de Servi\u00e7o Social da UEL foi\u00a0criado em 1972, por iniciativa de um grupo de Assistentes Sociais que atuavam em algumas institui\u00e7\u00f5es de Londrina e que, dada a crescente urbaniza\u00e7\u00e3o do munic\u00edpio e da regi\u00e3o, anteviram a necessidade da cria\u00e7\u00e3o desse curso para atender a maior demanda por servi\u00e7os sociais que o desenvolvimento regional [&hellip;]<\/p>\n","protected":false},"author":8,"featured_media":0,"parent":0,"menu_order":0,"comment_status":"closed","ping_status":"closed","template":"","meta":{"_acf_changed":false,"footnotes":""},"class_list":["post-24","page","type-page","status-publish","hentry"],"acf":[],"_links":{"self":[{"href":"https:\/\/graduacao.uel.br\/servico-social\/wp-json\/wp\/v2\/pages\/24","targetHints":{"allow":["GET"]}}],"collection":[{"href":"https:\/\/graduacao.uel.br\/servico-social\/wp-json\/wp\/v2\/pages"}],"about":[{"href":"https:\/\/graduacao.uel.br\/servico-social\/wp-json\/wp\/v2\/types\/page"}],"author":[{"embeddable":true,"href":"https:\/\/graduacao.uel.br\/servico-social\/wp-json\/wp\/v2\/users\/8"}],"replies":[{"embeddable":true,"href":"https:\/\/graduacao.uel.br\/servico-social\/wp-json\/wp\/v2\/comments?post=24"}],"version-history":[{"count":2,"href":"https:\/\/graduacao.uel.br\/servico-social\/wp-json\/wp\/v2\/pages\/24\/revisions"}],"predecessor-version":[{"id":68,"href":"https:\/\/graduacao.uel.br\/servico-social\/wp-json\/wp\/v2\/pages\/24\/revisions\/68"}],"wp:attachment":[{"href":"https:\/\/graduacao.uel.br\/servico-social\/wp-json\/wp\/v2\/media?parent=24"}],"curies":[{"name":"wp","href":"https:\/\/api.w.org\/{rel}","templated":true}]}}