{"id":106,"date":"2024-07-09T18:03:48","date_gmt":"2024-07-09T21:03:48","guid":{"rendered":"https:\/\/graduacao.uel.br\/zootecnia\/?page_id=106"},"modified":"2024-07-09T18:43:06","modified_gmt":"2024-07-09T21:43:06","slug":"centro-academico-ca","status":"publish","type":"page","link":"https:\/\/graduacao.uel.br\/zootecnia\/centro-academico-ca\/","title":{"rendered":"Centro Acad\u00eamico (CA)"},"content":{"rendered":"\n<p>O centro acad\u00eamico <strong>CAZOO UEL<\/strong> visa trabalhar a integra\u00e7\u00e3o dos alunos, mantendo um espa\u00e7o de conviv\u00eancia confort\u00e1vel e tamb\u00e9m promover eventos, como a semana acad\u00eamica do curso de Zootecnia, viagem estudantil, almo\u00e7o de recep\u00e7\u00e3o aos calouros, e junto \u00e0 atl\u00e9tica promover eventos de esportes como o Interzoo, e jogos amistosos. E nos eventos trazer os discentes do curso para um conv\u00edvio mais pr\u00f3ximo. <\/p>\n\n\n\n<p>Gabrielle Marques discente do segundo ano de zootecnia, presidente.<br>Manuella Cavalcante Dias, vice-presidente. <br>Luan Guilherme Spoladori, secret\u00e1rio 1.<br>Ana Rita Pellegrino da Silva, secretaria 2.<br>Jean Victor Thanios Hajjar , tesoureiro 1.<br>Lucas Schneider Simplicio, tesoureiro 2.<\/p>\n\n\n\n<p><\/p>\n\n\n\n<p>Conhe\u00e7a a <strong>Cazoo UEL<\/strong>: no <strong><a href=\"https:\/\/www.instagram.com\/cazoouel\/\">Instagran <\/a><\/strong>e no <strong><a href=\"https:\/\/www.facebook.com\/uelcazoo\/\">Facebook<\/a><\/strong>.<\/p>\n\n\n\n<div class=\"wp-block-columns is-layout-flex wp-container-core-columns-is-layout-9d6595d7 wp-block-columns-is-layout-flex\">\n<div class=\"wp-block-column is-layout-flow wp-block-column-is-layout-flow\"><\/div>\n<\/div>\n","protected":false},"excerpt":{"rendered":"<p>O centro acad\u00eamico CAZOO UEL visa trabalhar a integra\u00e7\u00e3o dos alunos, mantendo um espa\u00e7o de conviv\u00eancia confort\u00e1vel e tamb\u00e9m promover eventos, como a semana acad\u00eamica do curso de Zootecnia, viagem estudantil, almo\u00e7o de recep\u00e7\u00e3o aos calouros, e junto \u00e0 atl\u00e9tica promover eventos de esportes como o Interzoo, e jogos amistosos. E nos eventos trazer os [&hellip;]<\/p>\n","protected":false},"author":6,"featured_media":0,"parent":0,"menu_order":0,"comment_status":"closed","ping_status":"closed","template":"","meta":{"_acf_changed":false,"footnotes":""},"class_list":["post-106","page","type-page","status-publish","hentry"],"acf":[],"_links":{"self":[{"href":"https:\/\/graduacao.uel.br\/zootecnia\/wp-json\/wp\/v2\/pages\/106","targetHints":{"allow":["GET"]}}],"collection":[{"href":"https:\/\/graduacao.uel.br\/zootecnia\/wp-json\/wp\/v2\/pages"}],"about":[{"href":"https:\/\/graduacao.uel.br\/zootecnia\/wp-json\/wp\/v2\/types\/page"}],"author":[{"embeddable":true,"href":"https:\/\/graduacao.uel.br\/zootecnia\/wp-json\/wp\/v2\/users\/6"}],"replies":[{"embeddable":true,"href":"https:\/\/graduacao.uel.br\/zootecnia\/wp-json\/wp\/v2\/comments?post=106"}],"version-history":[{"count":7,"href":"https:\/\/graduacao.uel.br\/zootecnia\/wp-json\/wp\/v2\/pages\/106\/revisions"}],"predecessor-version":[{"id":143,"href":"https:\/\/graduacao.uel.br\/zootecnia\/wp-json\/wp\/v2\/pages\/106\/revisions\/143"}],"wp:attachment":[{"href":"https:\/\/graduacao.uel.br\/zootecnia\/wp-json\/wp\/v2\/media?parent=106"}],"curies":[{"name":"wp","href":"https:\/\/api.w.org\/{rel}","templated":true}]}}