{"id":108,"date":"2024-07-09T18:04:05","date_gmt":"2024-07-09T21:04:05","guid":{"rendered":"https:\/\/graduacao.uel.br\/zootecnia\/?page_id=108"},"modified":"2024-07-09T18:42:02","modified_gmt":"2024-07-09T21:42:02","slug":"empresa-junior","status":"publish","type":"page","link":"https:\/\/graduacao.uel.br\/zootecnia\/empresa-junior\/","title":{"rendered":"Empresa J\u00fanior"},"content":{"rendered":"\n<p>A <strong>CATEC\u2019z<\/strong> \u00e9 a Empresa J\u00fanior do curso de gradua\u00e7\u00e3o em Zootecnia, que atua no \u00e2mbito de consultoria e assist\u00eancia zoot\u00e9cnica. Ela \u00e9 formada por alunos de gradua\u00e7\u00e3o que s\u00e3o orientados por professores do Departamento de Zootecnia da UEL. <\/p>\n\n\n\n<p>A empresa desenvolve projetos na \u00e1rea de produ\u00e7\u00e3o animal direcionados a pequenos, m\u00e9dios e grandes produtores, e \u00e0 empresas, visando solu\u00e7\u00f5es pr\u00e1ticas com responsabilidade econ\u00f4mica, social e ambiental. <\/p>\n\n\n\n<p>A miss\u00e3o da CATEC\u2019z \u00e9 atender as necessidades dos clientes prestando servi\u00e7os como consultoria e assist\u00eancia zoot\u00e9cnica; organiza\u00e7\u00e3o de treinamentos e capacita\u00e7\u00e3o t\u00e9cnica; planejamento nutricional para maximizar a produ\u00e7\u00e3o animal; controle zoot\u00e9cnico e administra\u00e7\u00e3o rural. <\/p>\n\n\n\n<p>Ao participar da CATEC\u2019z, o aluno desenvolve diversas habilidades que s\u00e3o necess\u00e1rias para ingressar no mercado de trabalho ap\u00f3s concluir a gradua\u00e7\u00e3o. Entre elas, se destacam a melhoria da comunica\u00e7\u00e3o; a capacidade de lideran\u00e7a, organiza\u00e7\u00e3o, planejamento e execu\u00e7\u00e3o de atividades a n\u00edvel empresarial; a criatividade para desenvolver a\u00e7\u00f5es e t\u00e9cnicas inovadoras; e o aprimoramento da capacidade de gest\u00e3o. <\/p>\n\n\n\n<p><\/p>\n\n\n\n<p>Equipe Tutor: Prof. Sergio Rodrigo Fernandes<br>Executivo: Adriana Batista Pereira (Presidente)<br>Ana Luiza de Souza Santana (Vice-presidente)<br>\u00c1rea de Projetos: Beatriz Chinelatto, Giovana Merigue, Isac Mendes, Geovana Sartori, Shophia Leite e Jo\u00e3o Pedro Massariolli<br>\u00c1rea Comercial: Maria Teresa Rodrigues de Souza, Antonio Carlos Polonio, Jennifer Mendon\u00e7a e Vit\u00f3ria Am\u00e9lia Kalau Lima<br>\u00c1rea de Marketing: Annelise Ducati, Cintia Fioruci, Jenifer Vit\u00f3ria Arruda dos Santos, Camila Barroso e Gabriel G\u00f3es<br>\u00c1rea de Gest\u00e3o de Pessoas: Larissa Roncaratti de Lima, Lucas Schneider Simplicio, Mariana Martins Pereira dos Santos, Heloisa Carnieto Gomes e Maria In\u00eas Pires Costa<\/p>\n\n\n\n<p>Conhe\u00e7a a <strong>CATEC\u00b4z<\/strong>: no <strong><a href=\"https:\/\/br.linkedin.com\/in\/catecz\">Linkedin <\/a><\/strong>ou <strong><a href=\"https:\/\/www.instagram.com\/cateczjunior\/\">Instagran<\/a><\/strong><\/p>\n\n\n\n<div class=\"wp-block-columns is-layout-flex wp-container-core-columns-is-layout-9d6595d7 wp-block-columns-is-layout-flex\">\n<div class=\"wp-block-column is-layout-flow wp-block-column-is-layout-flow\"><\/div>\n<\/div>\n","protected":false},"excerpt":{"rendered":"<p>A CATEC\u2019z \u00e9 a Empresa J\u00fanior do curso de gradua\u00e7\u00e3o em Zootecnia, que atua no \u00e2mbito de consultoria e assist\u00eancia zoot\u00e9cnica. Ela \u00e9 formada por alunos de gradua\u00e7\u00e3o que s\u00e3o orientados por professores do Departamento de Zootecnia da UEL. A empresa desenvolve projetos na \u00e1rea de produ\u00e7\u00e3o animal direcionados a pequenos, m\u00e9dios e grandes produtores, [&hellip;]<\/p>\n","protected":false},"author":6,"featured_media":0,"parent":0,"menu_order":0,"comment_status":"closed","ping_status":"closed","template":"","meta":{"_acf_changed":false,"footnotes":""},"class_list":["post-108","page","type-page","status-publish","hentry"],"acf":[],"_links":{"self":[{"href":"https:\/\/graduacao.uel.br\/zootecnia\/wp-json\/wp\/v2\/pages\/108","targetHints":{"allow":["GET"]}}],"collection":[{"href":"https:\/\/graduacao.uel.br\/zootecnia\/wp-json\/wp\/v2\/pages"}],"about":[{"href":"https:\/\/graduacao.uel.br\/zootecnia\/wp-json\/wp\/v2\/types\/page"}],"author":[{"embeddable":true,"href":"https:\/\/graduacao.uel.br\/zootecnia\/wp-json\/wp\/v2\/users\/6"}],"replies":[{"embeddable":true,"href":"https:\/\/graduacao.uel.br\/zootecnia\/wp-json\/wp\/v2\/comments?post=108"}],"version-history":[{"count":7,"href":"https:\/\/graduacao.uel.br\/zootecnia\/wp-json\/wp\/v2\/pages\/108\/revisions"}],"predecessor-version":[{"id":141,"href":"https:\/\/graduacao.uel.br\/zootecnia\/wp-json\/wp\/v2\/pages\/108\/revisions\/141"}],"wp:attachment":[{"href":"https:\/\/graduacao.uel.br\/zootecnia\/wp-json\/wp\/v2\/media?parent=108"}],"curies":[{"name":"wp","href":"https:\/\/api.w.org\/{rel}","templated":true}]}}