{"id":110,"date":"2024-07-09T18:04:40","date_gmt":"2024-07-09T21:04:40","guid":{"rendered":"https:\/\/graduacao.uel.br\/zootecnia\/?page_id=110"},"modified":"2024-07-10T13:59:57","modified_gmt":"2024-07-10T16:59:57","slug":"liga-academica","status":"publish","type":"page","link":"https:\/\/graduacao.uel.br\/zootecnia\/liga-academica\/","title":{"rendered":"Liga Acad\u00eamica"},"content":{"rendered":"\n<p>A <strong>Associa\u00e7\u00e3o Atl\u00e9tica Acad\u00eamica de Zootecnia Javaludos<\/strong>, tem como princ\u00edpios e objetivos: Promover pr\u00e1ticas esportivas com enfoque na sa\u00fade dos estudantes como a realiza\u00e7\u00e3o de atividades semanais entre os acad\u00eamicos, com os jogos de v\u00f4lei, futsal, entre outros. <\/p>\n\n\n\n<p>Fomentar a integra\u00e7\u00e3o dos discentes com intuito de unir as salas em um ambiente amig\u00e1vel. <\/p>\n\n\n\n<p>Organiza\u00e7\u00e3o de eventos: Planejar e realizar festas, eventos culturais, jogos e outras atividades que contribuam para o lazer e bem-estar dos estudantes. <\/p>\n\n\n\n<ul class=\"wp-block-list\">\n<li>Miguel Junquetti Mattos, Presidente<\/li>\n\n\n\n<li>Ana Julia Scudeler, Vice-Presidente<\/li>\n\n\n\n<li>Gabrielle Marques, Tesoureira<\/li>\n\n\n\n<li>Lucas Schneider Simplicio, Diretor de comunica\u00e7\u00e3o<\/li>\n\n\n\n<li>Luan Guilherme Spoladori, Acessor de comunica\u00e7\u00e3o<\/li>\n\n\n\n<li>Larissa Roncarati, Diretora de Marketing<\/li>\n\n\n\n<li>Geovanna Merigue, Acessora de Marketing<\/li>\n\n\n\n<li>Leonardo Leal Oliveira, Diretor de Esportes<\/li>\n\n\n\n<li>Jo\u00e3o Pedro Massarioli, Acessor de Esportes<\/li>\n\n\n\n<li>Isac Higino, Acessor de Eventos<\/li>\n\n\n\n<li>Jenifer Vit\u00f3ria, Diretora de Eventos<\/li>\n<\/ul>\n\n\n\n<div class=\"wp-block-columns is-layout-flex wp-container-core-columns-is-layout-9d6595d7 wp-block-columns-is-layout-flex\">\n<div class=\"wp-block-column is-layout-flow wp-block-column-is-layout-flow\"><\/div>\n<\/div>\n","protected":false},"excerpt":{"rendered":"<p>A Associa\u00e7\u00e3o Atl\u00e9tica Acad\u00eamica de Zootecnia Javaludos, tem como princ\u00edpios e objetivos: Promover pr\u00e1ticas esportivas com enfoque na sa\u00fade dos estudantes como a realiza\u00e7\u00e3o de atividades semanais entre os acad\u00eamicos, com os jogos de v\u00f4lei, futsal, entre outros. Fomentar a integra\u00e7\u00e3o dos discentes com intuito de unir as salas em um ambiente amig\u00e1vel. Organiza\u00e7\u00e3o de [&hellip;]<\/p>\n","protected":false},"author":6,"featured_media":0,"parent":0,"menu_order":0,"comment_status":"closed","ping_status":"closed","template":"","meta":{"_acf_changed":false,"footnotes":""},"class_list":["post-110","page","type-page","status-publish","hentry"],"acf":[],"_links":{"self":[{"href":"https:\/\/graduacao.uel.br\/zootecnia\/wp-json\/wp\/v2\/pages\/110","targetHints":{"allow":["GET"]}}],"collection":[{"href":"https:\/\/graduacao.uel.br\/zootecnia\/wp-json\/wp\/v2\/pages"}],"about":[{"href":"https:\/\/graduacao.uel.br\/zootecnia\/wp-json\/wp\/v2\/types\/page"}],"author":[{"embeddable":true,"href":"https:\/\/graduacao.uel.br\/zootecnia\/wp-json\/wp\/v2\/users\/6"}],"replies":[{"embeddable":true,"href":"https:\/\/graduacao.uel.br\/zootecnia\/wp-json\/wp\/v2\/comments?post=110"}],"version-history":[{"count":7,"href":"https:\/\/graduacao.uel.br\/zootecnia\/wp-json\/wp\/v2\/pages\/110\/revisions"}],"predecessor-version":[{"id":164,"href":"https:\/\/graduacao.uel.br\/zootecnia\/wp-json\/wp\/v2\/pages\/110\/revisions\/164"}],"wp:attachment":[{"href":"https:\/\/graduacao.uel.br\/zootecnia\/wp-json\/wp\/v2\/media?parent=110"}],"curies":[{"name":"wp","href":"https:\/\/api.w.org\/{rel}","templated":true}]}}