{"id":112,"date":"2024-07-09T18:05:08","date_gmt":"2024-07-09T21:05:08","guid":{"rendered":"https:\/\/graduacao.uel.br\/zootecnia\/?page_id=112"},"modified":"2024-07-09T18:39:57","modified_gmt":"2024-07-09T21:39:57","slug":"grupo-pet","status":"publish","type":"page","link":"https:\/\/graduacao.uel.br\/zootecnia\/grupo-pet\/","title":{"rendered":"Grupo PET"},"content":{"rendered":"\n<p>Segundo a Portaria 343 de 24 de abril de 2013 (Brasil, 2013), o PET constitui-se em Programa de Educa\u00e7\u00e3o Tutorial desenvolvido em grupos organizados a partir de cursos de gradua\u00e7\u00e3o das institui\u00e7\u00f5es de ensino superior do Pa\u00eds, orientados pelo princ\u00edpio da indissociabilidade entre ensino, pesquisa e extens\u00e3o.<\/p>\n\n\n\n<p>Integrantes do <strong>Grupo PET Zootecnia UEL<\/strong> 2024 \u2022<\/p>\n\n\n\n<ul class=\"wp-block-list\">\n<li>Profa Ana Maria Bridi (Tutora do PET) <\/li>\n\n\n\n<li>Antonio Carlos Polonio <\/li>\n\n\n\n<li>B\u00e1rbara Lorena Belloni Silva <\/li>\n\n\n\n<li>Heloisa Carnieto Gomes <\/li>\n\n\n\n<li>Isabella Rodrigues Camargo <\/li>\n\n\n\n<li>Jo\u00e3o Pedro Massariolli de Campos <\/li>\n\n\n\n<li>Julia Batista da Costa <\/li>\n\n\n\n<li>Leandro Tamashiro Oda <\/li>\n\n\n\n<li>Leonardo Gagliardi Teixeira Lages <\/li>\n\n\n\n<li>Nat\u00e1lia Maria Ferreira Dias <\/li>\n\n\n\n<li>Nathalia de Almeida Fischer <\/li>\n\n\n\n<li>Natallia Basseto Pires <\/li>\n\n\n\n<li>Vin\u00edcius Irene <\/li>\n\n\n\n<li>Yolanda Dutra Kennerly<\/li>\n<\/ul>\n\n\n\n<p>Conhe\u00e7a o Grupo Pet Zootecnia UEL no <strong><a href=\"https:\/\/www.instagram.com\/petzootecniauel\/\">Instagran<\/a><\/strong>.<\/p>\n\n\n\n<div class=\"wp-block-columns is-layout-flex wp-container-core-columns-is-layout-9d6595d7 wp-block-columns-is-layout-flex\">\n<div class=\"wp-block-column is-layout-flow wp-block-column-is-layout-flow\"><\/div>\n<\/div>\n","protected":false},"excerpt":{"rendered":"<p>Segundo a Portaria 343 de 24 de abril de 2013 (Brasil, 2013), o PET constitui-se em Programa de Educa\u00e7\u00e3o Tutorial desenvolvido em grupos organizados a partir de cursos de gradua\u00e7\u00e3o das institui\u00e7\u00f5es de ensino superior do Pa\u00eds, orientados pelo princ\u00edpio da indissociabilidade entre ensino, pesquisa e extens\u00e3o. Integrantes do Grupo PET Zootecnia UEL 2024 \u2022 [&hellip;]<\/p>\n","protected":false},"author":6,"featured_media":0,"parent":0,"menu_order":0,"comment_status":"closed","ping_status":"closed","template":"","meta":{"_acf_changed":false,"footnotes":""},"class_list":["post-112","page","type-page","status-publish","hentry"],"acf":[],"_links":{"self":[{"href":"https:\/\/graduacao.uel.br\/zootecnia\/wp-json\/wp\/v2\/pages\/112","targetHints":{"allow":["GET"]}}],"collection":[{"href":"https:\/\/graduacao.uel.br\/zootecnia\/wp-json\/wp\/v2\/pages"}],"about":[{"href":"https:\/\/graduacao.uel.br\/zootecnia\/wp-json\/wp\/v2\/types\/page"}],"author":[{"embeddable":true,"href":"https:\/\/graduacao.uel.br\/zootecnia\/wp-json\/wp\/v2\/users\/6"}],"replies":[{"embeddable":true,"href":"https:\/\/graduacao.uel.br\/zootecnia\/wp-json\/wp\/v2\/comments?post=112"}],"version-history":[{"count":4,"href":"https:\/\/graduacao.uel.br\/zootecnia\/wp-json\/wp\/v2\/pages\/112\/revisions"}],"predecessor-version":[{"id":139,"href":"https:\/\/graduacao.uel.br\/zootecnia\/wp-json\/wp\/v2\/pages\/112\/revisions\/139"}],"wp:attachment":[{"href":"https:\/\/graduacao.uel.br\/zootecnia\/wp-json\/wp\/v2\/media?parent=112"}],"curies":[{"name":"wp","href":"https:\/\/api.w.org\/{rel}","templated":true}]}}