{"id":17,"date":"2024-07-09T15:47:06","date_gmt":"2024-07-09T18:47:06","guid":{"rendered":"https:\/\/graduacao.uel.br\/zootecnia\/?page_id=17"},"modified":"2024-07-09T18:47:26","modified_gmt":"2024-07-09T21:47:26","slug":"infraestrutura","status":"publish","type":"page","link":"https:\/\/graduacao.uel.br\/zootecnia\/infraestrutura\/","title":{"rendered":"Infraestrutura"},"content":{"rendered":"\n<p>O curso de Zootecnia da UEL faz parte da estrutura administrativa e f\u00edsica do Centro de Ci\u00eancias Agr\u00e1rias (CCA). Al\u00e9m de salas de aulas, o curso se utiliza de estruturas de laborat\u00f3rios e bibliotecas para as atividades acad\u00eamicas.<\/p>\n\n\n\n<iframe src=\"https:\/\/www.google.com\/maps\/embed?pb=!1m18!1m12!1m3!1d3663.6486875014193!2d-51.20459962483394!3d-23.32850195307837!2m3!1f0!2f0!3f0!3m2!1i1024!2i768!4f13.1!3m3!1m2!1s0x94eb5c9f48016f55%3A0x30ebfc22cdffbf9!2sDepartamento%20de%20Zootecnia!5e0!3m2!1spt-BR!2sbr!4v1720561531377!5m2!1spt-BR!2sbr\" width=\"1200\" height=\"600\" style=\"border:0;\" allowfullscreen=\"\" loading=\"lazy\" referrerpolicy=\"no-referrer-when-downgrade\"><\/iframe>\n","protected":false},"excerpt":{"rendered":"<p>O curso de Zootecnia da UEL faz parte da estrutura administrativa e f\u00edsica do Centro de Ci\u00eancias Agr\u00e1rias (CCA). Al\u00e9m de salas de aulas, o curso se utiliza de estruturas de laborat\u00f3rios e bibliotecas para as atividades acad\u00eamicas.<\/p>\n","protected":false},"author":6,"featured_media":0,"parent":0,"menu_order":0,"comment_status":"closed","ping_status":"closed","template":"","meta":{"_acf_changed":false,"footnotes":""},"class_list":["post-17","page","type-page","status-publish","hentry"],"acf":[],"_links":{"self":[{"href":"https:\/\/graduacao.uel.br\/zootecnia\/wp-json\/wp\/v2\/pages\/17","targetHints":{"allow":["GET"]}}],"collection":[{"href":"https:\/\/graduacao.uel.br\/zootecnia\/wp-json\/wp\/v2\/pages"}],"about":[{"href":"https:\/\/graduacao.uel.br\/zootecnia\/wp-json\/wp\/v2\/types\/page"}],"author":[{"embeddable":true,"href":"https:\/\/graduacao.uel.br\/zootecnia\/wp-json\/wp\/v2\/users\/6"}],"replies":[{"embeddable":true,"href":"https:\/\/graduacao.uel.br\/zootecnia\/wp-json\/wp\/v2\/comments?post=17"}],"version-history":[{"count":2,"href":"https:\/\/graduacao.uel.br\/zootecnia\/wp-json\/wp\/v2\/pages\/17\/revisions"}],"predecessor-version":[{"id":150,"href":"https:\/\/graduacao.uel.br\/zootecnia\/wp-json\/wp\/v2\/pages\/17\/revisions\/150"}],"wp:attachment":[{"href":"https:\/\/graduacao.uel.br\/zootecnia\/wp-json\/wp\/v2\/media?parent=17"}],"curies":[{"name":"wp","href":"https:\/\/api.w.org\/{rel}","templated":true}]}}