{"id":31,"date":"2024-07-09T15:53:56","date_gmt":"2024-07-09T18:53:56","guid":{"rendered":"https:\/\/graduacao.uel.br\/zootecnia\/?page_id=31"},"modified":"2024-07-09T16:47:45","modified_gmt":"2024-07-09T19:47:45","slug":"projeto-pedagogico-ppc","status":"publish","type":"page","link":"https:\/\/graduacao.uel.br\/zootecnia\/projeto-pedagogico-ppc\/","title":{"rendered":"Projeto Pedag\u00f3gico (PPC)"},"content":{"rendered":"\n<p>A abertura do processo de forma\u00e7\u00e3o do Curso de Zootecnia da UEL ocorreu no dia 30 de maio de 2000. A justificativa para a forma\u00e7\u00e3o do curso se deu pelo fato de, embora a UEL estar inserida em uma regi\u00e3o geogr\u00e1fica com voca\u00e7\u00e3o eminentemente agropecu\u00e1ria, em que se destacavam a avicultura, bovinocultura de corte e leite, suinocultura, equinocultura, ovinocultura, piscicultura, sericicultura e outras culturas zoot\u00e9cnicas com grande potencial de crescimento futuro e com fortes e emergentes agroind\u00fastrias de carnes, leite, seda, ra\u00e7\u00e3o animal e couro, ainda n\u00e3o oferecia um curso voltado para a forma\u00e7\u00e3o de profissionais especializados em Zootecnia.<\/p>\n\n\n\n<p>A Profiss\u00e3o est\u00e1 regulamentada pela Lei de n\u00famero 5.550 de 4 de dezembro de 1968. A proposta da cria\u00e7\u00e3o do curso na UEL tamb\u00e9m levou em considera\u00e7\u00e3o que possu\u00eda um Departamento de Zootecnia e que contava com a infraestrutura j\u00e1 existente no Centro de Ci\u00eancias Agr\u00e1rias, em outros Centros de Estudos e na Fazenda Escola, tanto no que dizia respeito \u00e0s instala\u00e7\u00f5es f\u00edsicas, quanto \u00e0 qualidade do corpo docente especializado. <\/p>\n\n\n\n<p>Assim, o Curso de Zootecnia da UEL foi criado por meio da Resolu\u00e7\u00e3o CEPE e CA 61\/01 no dia 24 de junho de 2002. O colegiado e o N\u00facleo Docente Estruturante, tem se preocupado, desde a sua cria\u00e7\u00e3o, em adequar o projeto pedag\u00f3gico de curso (PPC) aos novos par\u00e2metros previstos nas Diretrizes Curriculares Nacionais (DCN) para os Cursos de Gradua\u00e7\u00e3o em Zootecnia. <\/p>\n\n\n\n<p>Desde a cria\u00e7\u00e3o do curso em 2001 (para in\u00edcio em 2002) procurou-se atender \u00e0s recomenda\u00e7\u00f5es apresentadas pela Comiss\u00e3o Nacional de Ensino de Zootecnia (CNEZ). Estas recomenda\u00e7\u00f5es foram aperfei\u00e7oadas e foram a base para as diretrizes Curriculares dos Cursos de Gradua\u00e7\u00e3o em Zootecnia do Brasil, aprovadas na Resolu\u00e7\u00e3o n\u00b0 4 de 2 de fevereiro de 2006. <\/p>\n\n\n\n<p>Preocupados em manter uma constante moderniza\u00e7\u00e3o de sua organiza\u00e7\u00e3o did\u00e1tico-pedag\u00f3gica bem como atender \u00e0s novas exig\u00eancias da LDB, executou-se a reformula\u00e7\u00e3o deste PPC. As modifica\u00e7\u00f5es se pautaram em inclus\u00e3o de disciplinas, exclus\u00e3o de outras, redu\u00e7\u00e3o de carga hor\u00e1ria em sala de aula, inclus\u00e3o de aulas pr\u00e1ticas em disciplinas at\u00e9 ent\u00e3o estritamente te\u00f3ricas e a busca de participa\u00e7\u00e3o ativa do docente para com o colegiado de curso. <\/p>\n\n\n\n<p>Optou-se pela implanta\u00e7\u00e3o do regime cr\u00e9dito anual, com disciplinas semestrais e anuais, na busca de possibilitar maior independ\u00eancia do aluno. A nova proposta traz um curso carga hor\u00e1ria menor em disciplinas, 3510 horas, das quais 180 horas s\u00e3o destinadas aos projetos Integradores com os conte\u00fados das disciplinas do semestre de forma interdisciplinar em situa\u00e7\u00f5es pr\u00e1ticas relacionadas \u00e0 Zootecnia, 400 horas de est\u00e1gio, 30 horas de TCC, 30 horas de AAC e 442 horas de atividades de extens\u00e3o, compondo um total de 4412 horas como carga hor\u00e1ria total do curso. <\/p>\n\n\n\n<p>A proposta foi pensada para tornar o curso atrativo, din\u00e2mico e capaz de colocar profissionais alinhados com as din\u00e2micas do mercado de trabalho e prontos para as transforma\u00e7\u00f5es do mundo moderno.<\/p>\n\n\n\n<div class=\"wp-block-buttons is-content-justification-center is-layout-flex wp-container-core-buttons-is-layout-16018d1d wp-block-buttons-is-layout-flex\">\n<div class=\"wp-block-button\"><a class=\"wp-block-button__link has-primary-accent-background-color has-background wp-element-button\" href=\"https:\/\/sites.uel.br\/prograd\/graduacao\/projetos-pedagogicos\/projetos-pedagogicos-zootecnia\/\">Resolu\u00e7\u00f5es e Delibera\u00e7\u00f5es<\/a><\/div>\n<\/div>\n\n\n\n<div class=\"wp-block-pb-accordion-item c-accordion__item js-accordion-item no-js\" data-initially-open=\"false\" data-click-to-close=\"true\" data-auto-close=\"true\" data-scroll=\"false\" data-scroll-offset=\"0\"><h6 id=\"at-310\" class=\"c-accordion__title js-accordion-controller\" role=\"button\"><strong>DEPARTAMENTO<\/strong><\/h6><div id=\"ac-310\" class=\"c-accordion__content\">\n<p>O Departamento, subunidade dos Centros de Estudos, constitui-se na menor estrutura de organiza\u00e7\u00e3o administrativa, did\u00e1tico cient\u00edfica e de lota\u00e7\u00e3o de pessoal.<br>No Departamento s\u00e3o reunidas atividades acad\u00eamicas afins e nele est\u00e3o integrados docentes e t\u00e9cnico administrativos para objetivos comuns. (Art. 122 do Regimento Geral da UEL).<\/p>\n<\/div><\/div>\n\n\n\n<div class=\"wp-block-pb-accordion-item c-accordion__item js-accordion-item no-js\" data-initially-open=\"false\" data-click-to-close=\"true\" data-auto-close=\"true\" data-scroll=\"false\" data-scroll-offset=\"0\"><h6 id=\"at-311\" class=\"c-accordion__title js-accordion-controller\" role=\"button\"><strong>COLEGIADO<\/strong><\/h6><div id=\"ac-311\" class=\"c-accordion__content\">\n<p>Os Colegiados de cursos de gradua\u00e7\u00e3o exercem a coordena\u00e7\u00e3o pedag\u00f3gica dos cursos e ser\u00e3o constitu\u00eddos por representantes docentes da \u00e1rea principal de conhecimento e da \u00e1rea b\u00e1sica e\/ou complementar de conhecimento, estudantes e servidores, na forma prevista nos \u00a72\u00ba e \u00a73\u00ba do Art. 27 do Estatuto da Universidade. (Art. alterado atrav\u00e9s da Resolu\u00e7\u00e3o CU 168\/2007).<\/p>\n<\/div><\/div>\n\n\n\n<div class=\"wp-block-pb-accordion-item c-accordion__item js-accordion-item no-js\" data-initially-open=\"false\" data-click-to-close=\"true\" data-auto-close=\"true\" data-scroll=\"false\" data-scroll-offset=\"0\"><h6 id=\"at-312\" class=\"c-accordion__title js-accordion-controller\" role=\"button\"><strong>N\u00daCLEO DOCENTE ESTRUTURANTE (NDE)<\/strong><\/h6><div id=\"ac-312\" class=\"c-accordion__content\">\n<p>O NDE institui-se como parte da estrutura de gest\u00e3o acad\u00eamica do curso com atribui\u00e7\u00f5es consultivas, propositivas e de assessoria, acerca de mat\u00e9rias de natureza acad\u00eamica e pedag\u00f3gica, sendo correspons\u00e1vel pela elabora\u00e7\u00e3o, implementa\u00e7\u00e3o e consolida\u00e7\u00e3o do Projeto Pedag\u00f3gico do Curso (PPC), al\u00e9m de zelar pelo cumprimento das Diretrizes Curriculares Nacionais (DCNs). Tem como objetivos:<\/p>\n\n\n\n<p>1 \u2013 Levantar dificuldades na atua\u00e7\u00e3o do corpo docente do Curso;<\/p>\n\n\n\n<p>2 \u2013 Auxiliar na elabora\u00e7\u00e3o e no acompanhamento do PPC;<\/p>\n\n\n\n<p>3 \u2013 Propor programas ou outras formas de capacita\u00e7\u00e3o docente;<\/p>\n\n\n\n<p>4 \u2013 Acompanhar as avalia\u00e7\u00f5es do Curso definidas pelo Colegiado;<\/p>\n\n\n\n<p>5 \u2013 Analisar e propor modifica\u00e7\u00f5es, quando necess\u00e1rias;<\/p>\n\n\n\n<p>6 \u2013 Indicar formas de incentivo ao desenvolvimento de atividades de pesquisa;<\/p>\n\n\n\n<p>7 \u2013 Contribuir para a concretiza\u00e7\u00e3o do perfil profissional;<\/p>\n\n\n\n<p>8 \u2013 Zelar pelo cumprimento das DCNs aplic\u00e1veis ao Curso de Zootecnia.<\/p>\n<\/div><\/div>\n\n\n\n<div class=\"wp-block-columns is-layout-flex wp-container-core-columns-is-layout-9d6595d7 wp-block-columns-is-layout-flex\">\n<div class=\"wp-block-column is-layout-flow wp-block-column-is-layout-flow\"><\/div>\n<\/div>\n","protected":false},"excerpt":{"rendered":"<p>A abertura do processo de forma\u00e7\u00e3o do Curso de Zootecnia da UEL ocorreu no dia 30 de maio de 2000. A justificativa para a forma\u00e7\u00e3o do curso se deu pelo fato de, embora a UEL estar inserida em uma regi\u00e3o geogr\u00e1fica com voca\u00e7\u00e3o eminentemente agropecu\u00e1ria, em que se destacavam a avicultura, bovinocultura de corte e [&hellip;]<\/p>\n","protected":false},"author":6,"featured_media":0,"parent":0,"menu_order":0,"comment_status":"closed","ping_status":"closed","template":"","meta":{"_acf_changed":false,"footnotes":""},"class_list":["post-31","page","type-page","status-publish","hentry"],"acf":[],"_links":{"self":[{"href":"https:\/\/graduacao.uel.br\/zootecnia\/wp-json\/wp\/v2\/pages\/31","targetHints":{"allow":["GET"]}}],"collection":[{"href":"https:\/\/graduacao.uel.br\/zootecnia\/wp-json\/wp\/v2\/pages"}],"about":[{"href":"https:\/\/graduacao.uel.br\/zootecnia\/wp-json\/wp\/v2\/types\/page"}],"author":[{"embeddable":true,"href":"https:\/\/graduacao.uel.br\/zootecnia\/wp-json\/wp\/v2\/users\/6"}],"replies":[{"embeddable":true,"href":"https:\/\/graduacao.uel.br\/zootecnia\/wp-json\/wp\/v2\/comments?post=31"}],"version-history":[{"count":6,"href":"https:\/\/graduacao.uel.br\/zootecnia\/wp-json\/wp\/v2\/pages\/31\/revisions"}],"predecessor-version":[{"id":73,"href":"https:\/\/graduacao.uel.br\/zootecnia\/wp-json\/wp\/v2\/pages\/31\/revisions\/73"}],"wp:attachment":[{"href":"https:\/\/graduacao.uel.br\/zootecnia\/wp-json\/wp\/v2\/media?parent=31"}],"curies":[{"name":"wp","href":"https:\/\/api.w.org\/{rel}","templated":true}]}}